{"id":10025,"date":"2022-03-21T15:04:12","date_gmt":"2022-03-21T15:04:12","guid":{"rendered":"https:\/\/labeldessens.com\/?post_type=product&#038;p=10025"},"modified":"2023-03-12T13:52:58","modified_gmt":"2023-03-12T13:52:58","slug":"zestaw-mydelniczka-1-mydlo-oliwka-100gr","status":"publish","type":"product","link":"https:\/\/labeldessens.com\/fr\/produit\/zestaw-mydelniczka-1-mydlo-oliwka-100gr\/","title":{"rendered":"Set : Bo\u00eete \u00e0 savon + 1 Savon \u00e0 l'huile d'olive 100gr"},"content":{"rendered":"","protected":false},"excerpt":{"rendered":"<p><span style=\"vertical-align: inherit;\">Fabriqu\u00e9 en France.<\/span><\/p>\n<p>Marque : LAVANDERAIE DE HAUTE PROVENCE LHP<\/p>","protected":false},"featured_media":10020,"comment_status":"open","ping_status":"closed","template":"","meta":{"om_disable_all_campaigns":false},"product_brand":[],"product_cat":[102],"product_tag":[],"class_list":{"0":"post-10025","1":"product","2":"type-product","3":"status-publish","4":"has-post-thumbnail","6":"product_cat-lawenda","8":"first","9":"instock","10":"purchasable","11":"product-type-simple"},"aioseo_notices":[],"_links":{"self":[{"href":"https:\/\/labeldessens.com\/fr\/wp-json\/wp\/v2\/product\/10025","targetHints":{"allow":["GET"]}}],"collection":[{"href":"https:\/\/labeldessens.com\/fr\/wp-json\/wp\/v2\/product"}],"about":[{"href":"https:\/\/labeldessens.com\/fr\/wp-json\/wp\/v2\/types\/product"}],"replies":[{"embeddable":true,"href":"https:\/\/labeldessens.com\/fr\/wp-json\/wp\/v2\/comments?post=10025"}],"wp:featuredmedia":[{"embeddable":true,"href":"https:\/\/labeldessens.com\/fr\/wp-json\/wp\/v2\/media\/10020"}],"wp:attachment":[{"href":"https:\/\/labeldessens.com\/fr\/wp-json\/wp\/v2\/media?parent=10025"}],"wp:term":[{"taxonomy":"product_brand","embeddable":true,"href":"https:\/\/labeldessens.com\/fr\/wp-json\/wp\/v2\/product_brand?post=10025"},{"taxonomy":"product_cat","embeddable":true,"href":"https:\/\/labeldessens.com\/fr\/wp-json\/wp\/v2\/product_cat?post=10025"},{"taxonomy":"product_tag","embeddable":true,"href":"https:\/\/labeldessens.com\/fr\/wp-json\/wp\/v2\/product_tag?post=10025"}],"curies":[{"name":"wp","href":"https:\/\/api.w.org\/{rel}","templated":true}]}}