{"id":12047,"date":"2024-12-05T13:12:35","date_gmt":"2024-12-05T13:12:35","guid":{"rendered":"https:\/\/labeldessens.com\/?post_type=product&#038;p=12047"},"modified":"2026-03-04T19:14:31","modified_gmt":"2026-03-04T19:14:31","slug":"swieca-chantilly-80g-jezyna","status":"publish","type":"product","link":"https:\/\/labeldessens.com\/fr\/produit\/swieca-chantilly-80g-jezyna\/","title":{"rendered":"Bougie Chantilly 80g M\u00fbre"},"content":{"rendered":"<p><strong><span style=\"vertical-align: inherit;\"><span style=\"vertical-align: inherit;\"><span dir=\"auto\" style=\"vertical-align: inherit;\"><span dir=\"auto\" style=\"vertical-align: inherit;\">Bougie Chantilly 80g M\u00fbre<\/span><\/span><\/span><\/span><\/strong><\/p>\n<ul>\n<li><span style=\"vertical-align: inherit;\"><span style=\"vertical-align: inherit;\"><span dir=\"auto\" style=\"vertical-align: inherit;\"><span dir=\"auto\" style=\"vertical-align: inherit;\">Bougie de 80 g avec une m\u00e8che en coton au parfum de m\u00fbre.<\/span><\/span><\/span><\/span><\/li>\n<li><span style=\"vertical-align: inherit;\"><span style=\"vertical-align: inherit;\"><span dir=\"auto\" style=\"vertical-align: inherit;\"><span dir=\"auto\" style=\"vertical-align: inherit;\">Cire 100% v\u00e9g\u00e9tale \/ sans paraffine \/ m\u00e8che en coton.<\/span><\/span><\/span><\/span><\/li>\n<li><span style=\"vertical-align: inherit;\"><span style=\"vertical-align: inherit;\"><span dir=\"auto\" style=\"vertical-align: inherit;\"><span dir=\"auto\" style=\"vertical-align: inherit;\">Dur\u00e9e de combustion : environ 15 heures - Ne br\u00fblez pas la bougie plus de 30 minutes \u00e0 la fois.<\/span><\/span><\/span><\/span><\/li>\n<li><span style=\"vertical-align: inherit;\"><span style=\"vertical-align: inherit;\"><span dir=\"auto\" style=\"vertical-align: inherit;\"><span dir=\"auto\" style=\"vertical-align: inherit;\">Parfum de Grasse.<\/span><\/span><\/span><\/span><\/li>\n<li><span style=\"vertical-align: inherit;\"><span style=\"vertical-align: inherit;\"><span dir=\"auto\" style=\"vertical-align: inherit;\"><span dir=\"auto\" style=\"vertical-align: inherit;\">80 grammes.<\/span><\/span><\/span><\/span><\/li>\n<\/ul>\n<p><strong><span style=\"vertical-align: inherit;\"><span style=\"vertical-align: inherit;\"><span dir=\"auto\" style=\"vertical-align: inherit;\"><span dir=\"auto\" style=\"vertical-align: inherit;\">Pour garantir une utilisation optimale et s\u00fbre de votre bougie, veuillez suivre ces conseils :<\/span><\/span><\/span><\/span><\/strong><\/p>\n<ul>\n<li><span style=\"vertical-align: inherit;\"><span style=\"vertical-align: inherit;\"><span dir=\"auto\" style=\"vertical-align: inherit;\"><span dir=\"auto\" style=\"vertical-align: inherit;\">Conservez les bougies dans un endroit frais, \u00e0 l'abri de l'humidit\u00e9 et de la lumi\u00e8re.<\/span><\/span><\/span><\/span><\/li>\n<li><span style=\"vertical-align: inherit;\"><span style=\"vertical-align: inherit;\"><span dir=\"auto\" style=\"vertical-align: inherit;\"><span dir=\"auto\" style=\"vertical-align: inherit;\">N&#8217;exposez pas la bougie \u00e0 la lumi\u00e8re directe du soleil (cela pourrait provoquer une fabrication) ou aux sources de chaleur (cela pourrait ramollir la cire).<\/span><\/span><\/span><\/span><\/li>\n<li><span style=\"vertical-align: inherit;\"><span style=\"vertical-align: inherit;\"><span dir=\"auto\" style=\"vertical-align: inherit;\"><span dir=\"auto\" style=\"vertical-align: inherit;\">Ne placez jamais une bougie dans un courant d&#8217;air ou \u00e0 proximit\u00e9 de mat\u00e9riaux inflammables.<\/span><\/span><\/span><\/span><\/li>\n<li><span style=\"vertical-align: inherit;\"><span style=\"vertical-align: inherit;\"><span dir=\"auto\" style=\"vertical-align: inherit;\"><span dir=\"auto\" style=\"vertical-align: inherit;\">Ne laissez pas une bougie allum\u00e9e sans surveillance ou en votre absence.<\/span><\/span><\/span><\/span><\/li>\n<li><span style=\"vertical-align: inherit;\"><span style=\"vertical-align: inherit;\"><span dir=\"auto\" style=\"vertical-align: inherit;\"><span dir=\"auto\" style=\"vertical-align: inherit;\">Utilisez toujours des accessoires appropri\u00e9s et placez la bougie sur une surface plane et r\u00e9sistante \u00e0 la chaleur.<\/span><\/span><\/span><\/span><\/li>\n<li><span style=\"vertical-align: inherit;\"><span style=\"vertical-align: inherit;\"><span dir=\"auto\" style=\"vertical-align: inherit;\"><span dir=\"auto\" style=\"vertical-align: inherit;\">Ne d\u00e9placez pas une bougie allum\u00e9e. Si vous devez le d\u00e9placer, \u00e9teignez d'abord la flamme. Attendez que la cire refroidisse et durcisse avant de rallumer la bougie.<\/span><\/span><\/span><\/span><\/li>\n<li><span style=\"vertical-align: inherit;\"><span style=\"vertical-align: inherit;\"><span dir=\"auto\" style=\"vertical-align: inherit;\"><span dir=\"auto\" style=\"vertical-align: inherit;\">Ne laissez jamais des fragments d&#8217;allumettes, des morceaux de m\u00e8che ou d&#8217;autres corps \u00e9trangers s&#8217;accumuler dans la fondue \u00e0 la cire pour \u00e9viter l&#8217;apparition soudaine d&#8217;une flamme.<\/span><\/span><\/span><\/span><\/li>\n<li><span style=\"vertical-align: inherit;\"><span style=\"vertical-align: inherit;\"><span dir=\"auto\" style=\"vertical-align: inherit;\"><span dir=\"auto\" style=\"vertical-align: inherit;\">Lors de la premi\u00e8re utilisation, laissez la bougie br\u00fbler jusqu'\u00e0 ce que toute sa surface devienne liquide pour \u00e9viter les tunnels.<\/span><\/span><\/span><\/span><\/li>\n<li><span style=\"vertical-align: inherit;\"><span style=\"vertical-align: inherit;\"><span dir=\"auto\" style=\"vertical-align: inherit;\"><span dir=\"auto\" style=\"vertical-align: inherit;\">Faites br\u00fbler la bougie pendant au moins 1 heure pour lib\u00e9rer toutes les notes parfum\u00e9es.<\/span><\/span><\/span><\/span><\/li>\n<li><span style=\"vertical-align: inherit;\"><span style=\"vertical-align: inherit;\"><span dir=\"auto\" style=\"vertical-align: inherit;\"><span dir=\"auto\" style=\"vertical-align: inherit;\">Assurez-vous toujours que la m\u00e8che n'est pas trop longue avant d'allumer la bougie. Raccourcissez la m\u00e8che \u00e0 moins de 0,5 cm. Coupez \u00e9galement le bout si une boule noire se forme au bout de la m\u00e8che. Une m\u00e8che trop longue provoque une fum\u00e9e noire et une flamme trop haute.<\/span><\/span><\/span><\/span><\/li>\n<li><span style=\"vertical-align: inherit;\"><span style=\"vertical-align: inherit;\"><span dir=\"auto\" style=\"vertical-align: inherit;\"><span dir=\"auto\" style=\"vertical-align: inherit;\">Assurez-vous que la m\u00e8che soit bien centr\u00e9e et droite afin que la bougie br\u00fble uniform\u00e9ment sur toute la surface.<\/span><\/span><\/span><\/span><\/li>\n<li><span style=\"vertical-align: inherit;\"><span style=\"vertical-align: inherit;\"><span dir=\"auto\" style=\"vertical-align: inherit;\"><span dir=\"auto\" style=\"vertical-align: inherit;\">Ne laissez pas la bougie allum\u00e9e plus de 3 heures pour conserver l'intensit\u00e9 du parfum et assurer une meilleure combustion.<\/span><\/span><\/span><\/span><\/li>\n<\/ul>","protected":false},"excerpt":{"rendered":"<p><span style=\"vertical-align: inherit;\"><span style=\"vertical-align: inherit;\">Plongez dans un oc\u00e9an de douceur avec notre bougie Chantilly !<\/span><\/span><\/p>\n<p><span style=\"vertical-align: inherit;\"><span style=\"vertical-align: inherit;\">Sans paraffine et enrichie du parfum envo\u00fbtant de Grasse, cette bougie offre une exp\u00e9rience sensitive unique.<\/span><\/span><\/p>\n<p><span style=\"vertical-align: inherit;\"><span style=\"vertical-align: inherit;\">Laissez-vous emporter par ses notes parfum\u00e9es d\u00e9licates et cr\u00e9meuses, profitant de chaque instant de d\u00e9tente et d'\u00e9vasion du quotidien.<\/span><\/span><\/p>","protected":false},"featured_media":12061,"comment_status":"open","ping_status":"closed","template":"","meta":{"om_disable_all_campaigns":false},"product_brand":[],"product_cat":[173],"product_tag":[],"class_list":{"0":"post-12047","1":"product","2":"type-product","3":"status-publish","4":"has-post-thumbnail","6":"product_cat-puszyste-swieczki","8":"first","9":"instock","10":"purchasable","11":"product-type-simple"},"aioseo_notices":[],"_links":{"self":[{"href":"https:\/\/labeldessens.com\/fr\/wp-json\/wp\/v2\/product\/12047","targetHints":{"allow":["GET"]}}],"collection":[{"href":"https:\/\/labeldessens.com\/fr\/wp-json\/wp\/v2\/product"}],"about":[{"href":"https:\/\/labeldessens.com\/fr\/wp-json\/wp\/v2\/types\/product"}],"replies":[{"embeddable":true,"href":"https:\/\/labeldessens.com\/fr\/wp-json\/wp\/v2\/comments?post=12047"}],"wp:featuredmedia":[{"embeddable":true,"href":"https:\/\/labeldessens.com\/fr\/wp-json\/wp\/v2\/media\/12061"}],"wp:attachment":[{"href":"https:\/\/labeldessens.com\/fr\/wp-json\/wp\/v2\/media?parent=12047"}],"wp:term":[{"taxonomy":"product_brand","embeddable":true,"href":"https:\/\/labeldessens.com\/fr\/wp-json\/wp\/v2\/product_brand?post=12047"},{"taxonomy":"product_cat","embeddable":true,"href":"https:\/\/labeldessens.com\/fr\/wp-json\/wp\/v2\/product_cat?post=12047"},{"taxonomy":"product_tag","embeddable":true,"href":"https:\/\/labeldessens.com\/fr\/wp-json\/wp\/v2\/product_tag?post=12047"}],"curies":[{"name":"wp","href":"https:\/\/api.w.org\/{rel}","templated":true}]}}