{"id":12076,"date":"2024-12-05T17:19:51","date_gmt":"2024-12-05T17:19:51","guid":{"rendered":"https:\/\/labeldessens.com\/?post_type=product&#038;p=12076"},"modified":"2026-03-04T19:16:59","modified_gmt":"2026-03-04T19:16:59","slug":"swieca-chantilly-150g-kokos-z-wysp","status":"publish","type":"product","link":"https:\/\/labeldessens.com\/fr\/produit\/swieca-chantilly-150g-kokos-z-wysp\/","title":{"rendered":"Chantilly Candle 150g Island Coconut"},"content":{"rendered":"<p><strong><span dir=\"auto\" style=\"vertical-align: inherit;\"><span dir=\"auto\" style=\"vertical-align: inherit;\">Bougie de 150 g avec une m\u00e8che en coton et un parfum de noix de coco<\/span><\/span><\/strong><\/p>\n<ul>\n<li><span dir=\"auto\" style=\"vertical-align: inherit;\"><span dir=\"auto\" style=\"vertical-align: inherit;\">Bougie de 150 g avec une m\u00e8che en coton et un parfum de noix de coco.<\/span><\/span><\/li>\n<li><span dir=\"auto\" style=\"vertical-align: inherit;\"><span dir=\"auto\" style=\"vertical-align: inherit;\">Cire 100% v\u00e9g\u00e9tale \/ sans paraffine \/ m\u00e8che en coton.<\/span><\/span><\/li>\n<li><span dir=\"auto\" style=\"vertical-align: inherit;\"><span dir=\"auto\" style=\"vertical-align: inherit;\">Dur\u00e9e de combustion\u00a0: environ 25 heures \u2013 Ne pas laisser br\u00fbler la bougie plus de 30 minutes d\u2019affil\u00e9e.<\/span><\/span><\/li>\n<li><span dir=\"auto\" style=\"vertical-align: inherit;\"><span dir=\"auto\" style=\"vertical-align: inherit;\">Parfums de Grasse.<\/span><\/span><\/li>\n<li><span dir=\"auto\" style=\"vertical-align: inherit;\"><span dir=\"auto\" style=\"vertical-align: inherit;\">150 grammes.<\/span><\/span><\/li>\n<\/ul>\n<p><strong><span dir=\"auto\" style=\"vertical-align: inherit;\"><span dir=\"auto\" style=\"vertical-align: inherit;\">Pour garantir une utilisation optimale et s\u00fbre de votre bougie, veuillez suivre ces instructions\u00a0:<\/span><\/span><\/strong><\/p>\n<ul>\n<li><span dir=\"auto\" style=\"vertical-align: inherit;\"><span dir=\"auto\" style=\"vertical-align: inherit;\">Conservez les bougies dans un endroit frais, \u00e0 l'abri de l'humidit\u00e9 et de la lumi\u00e8re.<\/span><\/span><\/li>\n<li><span dir=\"auto\" style=\"vertical-align: inherit;\"><span dir=\"auto\" style=\"vertical-align: inherit;\">N\u2019exposez pas la bougie \u00e0 la lumi\u00e8re directe du soleil (cela pourrait provoquer une d\u00e9coloration) ni \u00e0 des sources de chaleur (cela pourrait ramollir la cire).<\/span><\/span><\/li>\n<li><span dir=\"auto\" style=\"vertical-align: inherit;\"><span dir=\"auto\" style=\"vertical-align: inherit;\">Ne jamais placer une bougie dans un courant d&#8217;air ou \u00e0 proximit\u00e9 de mat\u00e9riaux inflammables.<\/span><\/span><\/li>\n<li><span dir=\"auto\" style=\"vertical-align: inherit;\"><span dir=\"auto\" style=\"vertical-align: inherit;\">Ne laissez pas une bougie allum\u00e9e sans surveillance ou pendant votre absence.<\/span><\/span><\/li>\n<li><span dir=\"auto\" style=\"vertical-align: inherit;\"><span dir=\"auto\" style=\"vertical-align: inherit;\">Utilisez toujours des accessoires appropri\u00e9s et placez la bougie sur une surface plane et r\u00e9sistante \u00e0 la chaleur.<\/span><\/span><\/li>\n<li><span dir=\"auto\" style=\"vertical-align: inherit;\"><span dir=\"auto\" style=\"vertical-align: inherit;\">Ne d\u00e9placez pas une bougie allum\u00e9e. Si vous devez le d\u00e9placer, \u00e9teignez d'abord la flamme. Attendez que la cire refroidisse et durcisse avant de rallumer la bougie.<\/span><\/span><\/li>\n<li><span dir=\"auto\" style=\"vertical-align: inherit;\"><span dir=\"auto\" style=\"vertical-align: inherit;\">Ne laissez jamais de fragments d&#8217;allumettes, de morceaux de m\u00e8che ou d&#8217;autres corps \u00e9trangers s&#8217;accumuler dans la cire fondue afin d&#8217;\u00e9viter une flamme soudaine.<\/span><\/span><\/li>\n<li><span dir=\"auto\" style=\"vertical-align: inherit;\"><span dir=\"auto\" style=\"vertical-align: inherit;\">Lors de la premi\u00e8re utilisation, laissez la bougie br\u00fbler jusqu&#8217;\u00e0 ce que toute sa surface devienne liquide afin d&#8217;\u00e9viter la formation d&#8217;un tunnel.<\/span><\/span><\/li>\n<li><span dir=\"auto\" style=\"vertical-align: inherit;\"><span dir=\"auto\" style=\"vertical-align: inherit;\">Laissez br\u00fbler la bougie pendant au moins 1 heure pour lib\u00e9rer toutes les notes parfum\u00e9es.<\/span><\/span><\/li>\n<li><span dir=\"auto\" style=\"vertical-align: inherit;\"><span dir=\"auto\" style=\"vertical-align: inherit;\">Avant d&#8217;allumer votre bougie, assurez-vous toujours que la m\u00e8che n&#8217;est pas trop longue. Coupez-la \u00e0 moins de 0,5 cm. Si une petite boule noire se forme \u00e0 son extr\u00e9mit\u00e9, coupez-la \u00e9galement. Une m\u00e8che trop longue produira de la fum\u00e9e noire et une flamme trop haute.<\/span><\/span><\/li>\n<li><span dir=\"auto\" style=\"vertical-align: inherit;\"><span dir=\"auto\" style=\"vertical-align: inherit;\">Veillez \u00e0 ce que la m\u00e8che soit bien centr\u00e9e et droite afin que la bougie br\u00fble uniform\u00e9ment sur toute sa surface.<\/span><\/span><\/li>\n<li><span dir=\"auto\" style=\"vertical-align: inherit;\"><span dir=\"auto\" style=\"vertical-align: inherit;\">Ne laissez pas la bougie br\u00fbler plus de 3 heures afin de pr\u00e9server l&#8217;intensit\u00e9 du parfum et d&#8217;assurer une meilleure combustion.<\/span><\/span><\/li>\n<\/ul>","protected":false},"excerpt":{"rendered":"<p>Plongez dans un oc\u00e9an de douceur avec notre bougie Chantilly !<\/p>\n<p>Sans paraffine et enrichie d'un parfum captivant de Grasse, cette bougie offre une exp\u00e9rience sensorielle unique.<\/p>\n<p>Laissez-vous emporter par ses notes parfum\u00e9es douces et cr\u00e9meuses et profitez de chaque instant de d\u00e9tente et d'\u00e9vasion de la vie quotidienne.<\/p>","protected":false},"featured_media":12077,"comment_status":"open","ping_status":"closed","template":"","meta":{"om_disable_all_campaigns":false},"product_brand":[],"product_cat":[173],"product_tag":[],"class_list":{"0":"post-12076","1":"product","2":"type-product","3":"status-publish","4":"has-post-thumbnail","6":"product_cat-puszyste-swieczki","8":"first","9":"instock","10":"purchasable","11":"product-type-simple"},"aioseo_notices":[],"_links":{"self":[{"href":"https:\/\/labeldessens.com\/fr\/wp-json\/wp\/v2\/product\/12076","targetHints":{"allow":["GET"]}}],"collection":[{"href":"https:\/\/labeldessens.com\/fr\/wp-json\/wp\/v2\/product"}],"about":[{"href":"https:\/\/labeldessens.com\/fr\/wp-json\/wp\/v2\/types\/product"}],"replies":[{"embeddable":true,"href":"https:\/\/labeldessens.com\/fr\/wp-json\/wp\/v2\/comments?post=12076"}],"wp:featuredmedia":[{"embeddable":true,"href":"https:\/\/labeldessens.com\/fr\/wp-json\/wp\/v2\/media\/12077"}],"wp:attachment":[{"href":"https:\/\/labeldessens.com\/fr\/wp-json\/wp\/v2\/media?parent=12076"}],"wp:term":[{"taxonomy":"product_brand","embeddable":true,"href":"https:\/\/labeldessens.com\/fr\/wp-json\/wp\/v2\/product_brand?post=12076"},{"taxonomy":"product_cat","embeddable":true,"href":"https:\/\/labeldessens.com\/fr\/wp-json\/wp\/v2\/product_cat?post=12076"},{"taxonomy":"product_tag","embeddable":true,"href":"https:\/\/labeldessens.com\/fr\/wp-json\/wp\/v2\/product_tag?post=12076"}],"curies":[{"name":"wp","href":"https:\/\/api.w.org\/{rel}","templated":true}]}}