{"id":12107,"date":"2024-12-05T17:57:15","date_gmt":"2024-12-05T17:57:15","guid":{"rendered":"https:\/\/labeldessens.com\/?post_type=product&#038;p=12107"},"modified":"2026-03-05T10:25:04","modified_gmt":"2026-03-05T10:25:04","slug":"swieca-chantilly-swiateczna-150g-o-zapachu-nuit-au-chalet","status":"publish","type":"product","link":"https:\/\/labeldessens.com\/fr\/produit\/swieca-chantilly-swiateczna-150g-o-zapachu-nuit-au-chalet\/","title":{"rendered":"Bougie de No\u00ebl Chantilly 150g avec parfum Nuit au chalet"},"content":{"rendered":"<p><strong>Bougie 150g avec m\u00e8che en coton au parfum Nuit au chalet<\/strong><\/p>\n<ul>\n<li>Bougie de 150g avec m\u00e8che en coton au parfum Nuit au chalet.<\/li>\n<li>Cire en 100% v\u00e9g\u00e9tale \/ sans paraffine \/ m\u00e8che en coton.<\/li>\n<li>Dur\u00e9e de combustion : environ 25 heures - Ne pas faire br\u00fbler la bougie plus de 30 minutes \u00e0 la fois.<\/li>\n<li>Parfum de Grasse.<\/li>\n<li>150 grammes.<\/li>\n<\/ul>\n<p><strong>Pour garantir une utilisation optimale et s\u00fbre de la bougie, veuillez respecter les instructions suivantes :<\/strong><\/p>\n<ul>\n<li>Conservez les bougies dans un endroit frais, \u00e0 l'abri de l'humidit\u00e9 et de la lumi\u00e8re.<\/li>\n<li>Ne pas exposer la bougie directement \u00e0 la lumi\u00e8re du soleil (cela peut provoquer une d\u00e9coloration) ou \u00e0 des sources de chaleur (cela peut ramollir la cire).<\/li>\n<li>Ne placez jamais une bougie dans un courant d'air ou \u00e0 proximit\u00e9 de mat\u00e9riaux inflammables.<\/li>\n<li>Ne laissez pas une bougie allum\u00e9e sans surveillance ou en votre absence.<\/li>\n<li>Utilisez toujours des accessoires appropri\u00e9s et placez la bougie sur une surface plane et r\u00e9sistante \u00e0 la chaleur.<\/li>\n<li>Ne d\u00e9placez pas une bougie allum\u00e9e. Si vous devez la d\u00e9placer, \u00e9teignez d'abord la flamme. Attendez que la cire ait refroidi et durci avant de rallumer la bougie.<\/li>\n<li>Ne laissez jamais des fragments d'allumettes, des morceaux de m\u00e8che ou d'autres mat\u00e9riaux \u00e9trangers s'accumuler dans la cire fondue afin d'\u00e9viter l'apparition soudaine d'une flamme.<\/li>\n<li>Lors de la premi\u00e8re utilisation, laisser br\u00fbler la bougie jusqu'\u00e0 ce que toute la surface soit liquide afin d'\u00e9viter la formation de tunnels.<\/li>\n<li>Faites br\u00fbler la bougie pendant au moins 1 heure pour lib\u00e9rer toutes les notes de parfum.<\/li>\n<li>Assurez-vous toujours que la m\u00e8che n'est pas trop longue avant d'allumer la bougie. Raccourcissez la m\u00e8che \u00e0 moins de 0,5 cm. Coupez \u00e9galement la pointe si une boule noire se forme \u00e0 l'extr\u00e9mit\u00e9 de la m\u00e8che. Une m\u00e8che trop longue produira de la fum\u00e9e noire et une flamme trop haute.<\/li>\n<li>Veillez \u00e0 ce que la m\u00e8che soit bien centr\u00e9e et droite afin que la bougie br\u00fble uniform\u00e9ment sur toute la surface.<\/li>\n<li>Ne pas laisser la bougie allum\u00e9e plus de 3 heures pour maintenir l'intensit\u00e9 du parfum et assurer une meilleure combustion.<\/li>\n<\/ul>","protected":false},"excerpt":{"rendered":"<div>Plongez dans un oc\u00e9an de douceur avec notre bougie Chantilly !<\/div>\n<div><\/div>\n<div>Sans paraffine et enrichie d'un parfum captivant de Grasse, cette bougie offre une exp\u00e9rience sensorielle unique.<\/div>\n<div><\/div>\n<div>Laissez-vous emporter par ses notes parfum\u00e9es douces et cr\u00e9meuses et profitez de chaque instant de d\u00e9tente et d'\u00e9vasion de la vie quotidienne.<\/div>","protected":false},"featured_media":12109,"comment_status":"open","ping_status":"closed","template":"","meta":{"om_disable_all_campaigns":false},"product_brand":[],"product_cat":[173],"product_tag":[],"class_list":{"0":"post-12107","1":"product","2":"type-product","3":"status-publish","4":"has-post-thumbnail","6":"product_cat-puszyste-swieczki","8":"first","9":"instock","10":"purchasable","11":"product-type-simple"},"aioseo_notices":[],"_links":{"self":[{"href":"https:\/\/labeldessens.com\/fr\/wp-json\/wp\/v2\/product\/12107","targetHints":{"allow":["GET"]}}],"collection":[{"href":"https:\/\/labeldessens.com\/fr\/wp-json\/wp\/v2\/product"}],"about":[{"href":"https:\/\/labeldessens.com\/fr\/wp-json\/wp\/v2\/types\/product"}],"replies":[{"embeddable":true,"href":"https:\/\/labeldessens.com\/fr\/wp-json\/wp\/v2\/comments?post=12107"}],"wp:featuredmedia":[{"embeddable":true,"href":"https:\/\/labeldessens.com\/fr\/wp-json\/wp\/v2\/media\/12109"}],"wp:attachment":[{"href":"https:\/\/labeldessens.com\/fr\/wp-json\/wp\/v2\/media?parent=12107"}],"wp:term":[{"taxonomy":"product_brand","embeddable":true,"href":"https:\/\/labeldessens.com\/fr\/wp-json\/wp\/v2\/product_brand?post=12107"},{"taxonomy":"product_cat","embeddable":true,"href":"https:\/\/labeldessens.com\/fr\/wp-json\/wp\/v2\/product_cat?post=12107"},{"taxonomy":"product_tag","embeddable":true,"href":"https:\/\/labeldessens.com\/fr\/wp-json\/wp\/v2\/product_tag?post=12107"}],"curies":[{"name":"wp","href":"https:\/\/api.w.org\/{rel}","templated":true}]}}