{"id":12413,"date":"2025-06-12T11:54:58","date_gmt":"2025-06-12T11:54:58","guid":{"rendered":"https:\/\/labeldessens.com\/?post_type=product&#038;p=12413"},"modified":"2026-03-04T17:44:46","modified_gmt":"2026-03-04T17:44:46","slug":"cherry-muffinka-do-kapieli","status":"publish","type":"product","link":"https:\/\/labeldessens.com\/fr\/produit\/cherry-muffinka-do-kapieli\/","title":{"rendered":"Bain de muffins \u00e0 la cerise"},"content":{"rendered":"<p>80g<\/p>\n<p><strong>INCI<\/strong>: Bicarbonate de sodium, acide citrique, beurre de graines de Theobroma Cacao (cacao), fruit de Butyrospermum Parkii (beurre de karit\u00e9), amidon de Zea Mays (ma\u00efs), lauryl sulfoacetate de sodium, parfum, glucose, copolym\u00e8re d'acrylates de poly\u00e9thyl\u00e8ne t\u00e9r\u00e9phlate, eau, CI 18050, rouge betterave, CI 42051, laque d'aluminium rouge acide 18, CI 75300.<\/p>","protected":false},"excerpt":{"rendered":"<p>: Bicarbonate de sodium, acide citrique, beurre de graines de Theobroma Cacao (cacao), fruit de Butyrospermum Parkii (beurre de karit\u00e9), amidon de Zea Mays (ma\u00efs), lauryl sulfoacetate de sodium, parfum, glucose, copolym\u00e8re d'acrylates de poly\u00e9thyl\u00e8ne t\u00e9r\u00e9phlate, eau, CI 18050, rouge betterave, CI 42051, laque d'aluminium rouge acide 18, CI 75300.<\/p>","protected":false},"featured_media":12414,"comment_status":"open","ping_status":"closed","template":"","meta":{"om_disable_all_campaigns":false},"product_brand":[],"product_cat":[141],"product_tag":[],"class_list":{"0":"post-12413","1":"product","2":"type-product","3":"status-publish","4":"has-post-thumbnail","6":"product_cat-muffinki","8":"first","9":"instock","10":"purchasable","11":"product-type-simple"},"aioseo_notices":[],"_links":{"self":[{"href":"https:\/\/labeldessens.com\/fr\/wp-json\/wp\/v2\/product\/12413","targetHints":{"allow":["GET"]}}],"collection":[{"href":"https:\/\/labeldessens.com\/fr\/wp-json\/wp\/v2\/product"}],"about":[{"href":"https:\/\/labeldessens.com\/fr\/wp-json\/wp\/v2\/types\/product"}],"replies":[{"embeddable":true,"href":"https:\/\/labeldessens.com\/fr\/wp-json\/wp\/v2\/comments?post=12413"}],"wp:featuredmedia":[{"embeddable":true,"href":"https:\/\/labeldessens.com\/fr\/wp-json\/wp\/v2\/media\/12414"}],"wp:attachment":[{"href":"https:\/\/labeldessens.com\/fr\/wp-json\/wp\/v2\/media?parent=12413"}],"wp:term":[{"taxonomy":"product_brand","embeddable":true,"href":"https:\/\/labeldessens.com\/fr\/wp-json\/wp\/v2\/product_brand?post=12413"},{"taxonomy":"product_cat","embeddable":true,"href":"https:\/\/labeldessens.com\/fr\/wp-json\/wp\/v2\/product_cat?post=12413"},{"taxonomy":"product_tag","embeddable":true,"href":"https:\/\/labeldessens.com\/fr\/wp-json\/wp\/v2\/product_tag?post=12413"}],"curies":[{"name":"wp","href":"https:\/\/api.w.org\/{rel}","templated":true}]}}