{"id":12817,"date":"2025-11-04T16:55:19","date_gmt":"2025-11-04T16:55:19","guid":{"rendered":"https:\/\/labeldessens.com\/?post_type=product&#038;p=12817"},"modified":"2026-03-04T19:25:28","modified_gmt":"2026-03-04T19:25:28","slug":"oud","status":"publish","type":"product","link":"https:\/\/labeldessens.com\/fr\/produit\/oud\/","title":{"rendered":"OUD"},"content":{"rendered":"","protected":false},"excerpt":{"rendered":"<p data-start=\"811\" data-end=\"1024\"><strong data-start=\"811\" data-end=\"818\">OUD<\/strong> to m\u0119ski zapach z rodziny <strong data-start=\"845\" data-end=\"868\">orientalno-drzewnej<\/strong>, wyrazisty i elegancki.<br data-start=\"892\" data-end=\"895\" \/>Kompozycja oparta na szlachetnej nucie <strong data-start=\"934\" data-end=\"941\">oud<\/strong>, oferuje zapach <strong data-start=\"958\" data-end=\"990\">bogaty, g\u0142\u0119boki i intensywny<\/strong>, podkre\u015blaj\u0105cy si\u0142\u0119 oraz m\u0119sko\u015b\u0107.<\/p>\n<p data-start=\"1026\" data-end=\"1169\">To klasyczny, ponadczasowy perfum o ciep\u0142ym, drzewnym charakterze, idealny dla m\u0119\u017cczyzn ceni\u0105cych luksusowe i zdecydowane kompozycje zapachowe.<\/p>\n<p data-start=\"1171\" data-end=\"1230\"><strong data-start=\"1171\" data-end=\"1193\">Rodzina zapachowa:<\/strong> Orientalno-drzewna<br data-start=\"1212\" data-end=\"1215\" \/><strong data-start=\"1215\" data-end=\"1224\">Nuty:<\/strong> Oud<\/p>","protected":false},"featured_media":12939,"comment_status":"open","ping_status":"closed","template":"","meta":{"om_disable_all_campaigns":false},"product_brand":[],"product_cat":[170,168],"product_tag":[],"class_list":{"0":"post-12817","1":"product","2":"type-product","3":"status-publish","4":"has-post-thumbnail","6":"product_cat-bap-meska","7":"product_cat-bar-a-parfum","9":"first","10":"instock","11":"purchasable","12":"product-type-variable"},"aioseo_notices":[],"_links":{"self":[{"href":"https:\/\/labeldessens.com\/fr\/wp-json\/wp\/v2\/product\/12817","targetHints":{"allow":["GET"]}}],"collection":[{"href":"https:\/\/labeldessens.com\/fr\/wp-json\/wp\/v2\/product"}],"about":[{"href":"https:\/\/labeldessens.com\/fr\/wp-json\/wp\/v2\/types\/product"}],"replies":[{"embeddable":true,"href":"https:\/\/labeldessens.com\/fr\/wp-json\/wp\/v2\/comments?post=12817"}],"wp:featuredmedia":[{"embeddable":true,"href":"https:\/\/labeldessens.com\/fr\/wp-json\/wp\/v2\/media\/12939"}],"wp:attachment":[{"href":"https:\/\/labeldessens.com\/fr\/wp-json\/wp\/v2\/media?parent=12817"}],"wp:term":[{"taxonomy":"product_brand","embeddable":true,"href":"https:\/\/labeldessens.com\/fr\/wp-json\/wp\/v2\/product_brand?post=12817"},{"taxonomy":"product_cat","embeddable":true,"href":"https:\/\/labeldessens.com\/fr\/wp-json\/wp\/v2\/product_cat?post=12817"},{"taxonomy":"product_tag","embeddable":true,"href":"https:\/\/labeldessens.com\/fr\/wp-json\/wp\/v2\/product_tag?post=12817"}],"curies":[{"name":"wp","href":"https:\/\/api.w.org\/{rel}","templated":true}]}}