{"id":12906,"date":"2026-01-12T13:34:55","date_gmt":"2026-01-12T13:34:55","guid":{"rendered":"https:\/\/labeldessens.com\/?post_type=product&#038;p=12906"},"modified":"2026-01-12T13:34:55","modified_gmt":"2026-01-12T13:34:55","slug":"zurawina","status":"publish","type":"product","link":"https:\/\/labeldessens.com\/fr\/produit\/zurawina\/","title":{"rendered":"\u017burawina"},"content":{"rendered":"<p>Envie d'un bain relaxant apr\u00e8s une longue et fatigante journ\u00e9e ? Une eau agr\u00e9ablement chaude ne suffit pas. Il existe un produit qui transformera un bain ordinaire en un luxueux rituel de beaut\u00e9. D\u00e9couvrez les boules de bain scintillantes et prenez-les d\u00e8s que vous en avez envie.<\/p>\n<p>45g<\/p>\n<p><strong>M\u00e9thode d'utilisation :<\/strong><\/p>\n<p>Faire tomber la boule dans un bain d'eau chaude. \u00c9vitez tout contact avec les yeux. En cas de contact avec les yeux, rincer imm\u00e9diatement \u00e0 l'eau ti\u00e8de. En usage externe.<\/p>\n<p>&nbsp;<\/p>\n<p><strong>INCI<\/strong>: Sodium Bicarbonate, Citric Acid, Persea Gratissima Oil, Sodium Chloride, Parfum, Aqua, Lecithin, Ascorbyl Palmitate, Helianthus Annuus Seed Oil, Tocopherol, Benzyl Alcohol, Linalool, CI 14720.<br \/>\n<em>Sk\u0142adniki pochodzenia naturalnego: 97,99%<\/em><\/p>\n<p><strong data-start=\"81\" data-end=\"104\">\u015arodki ostro\u017cno\u015bci:<\/strong><br data-start=\"104\" data-end=\"107\" \/>Produkt nie jest przeznaczony do spo\u017cycia \u2013 nie po\u0142yka\u0107 \u2013 przechowywa\u0107 poza zasi\u0119giem ma\u0142ych dzieci.<\/p>","protected":false},"excerpt":{"rendered":"<h3 data-start=\"124\" data-end=\"195\"><strong data-start=\"128\" data-end=\"195\">Musuj\u0105ce kule do k\u0105pieli 45 g, dwukolorowe \u2013 zapach \u017burawina<\/strong><\/h3>\n<p data-start=\"197\" data-end=\"440\">Produkowane na terenie Unii Europejskiej z wykorzystaniem wysokiej jako\u015bci sk\u0142adnik\u00f3w, te musuj\u0105ce kule do k\u0105pieli o wadze 45 g s\u0105 wzbogacone olejem z awokado i olejem s\u0142onecznikowym oraz perfumowane olejkami eterycznymi o zapachu \u017curawiny.<\/p>","protected":false},"featured_media":12907,"comment_status":"open","ping_status":"closed","template":"","meta":{"om_disable_all_campaigns":false},"product_brand":[],"product_cat":[139],"product_tag":[],"class_list":{"0":"post-12906","1":"product","2":"type-product","3":"status-publish","4":"has-post-thumbnail","6":"product_cat-kule-45g-kapiel","8":"first","9":"instock","10":"purchasable","11":"product-type-simple"},"aioseo_notices":[],"_links":{"self":[{"href":"https:\/\/labeldessens.com\/fr\/wp-json\/wp\/v2\/product\/12906","targetHints":{"allow":["GET"]}}],"collection":[{"href":"https:\/\/labeldessens.com\/fr\/wp-json\/wp\/v2\/product"}],"about":[{"href":"https:\/\/labeldessens.com\/fr\/wp-json\/wp\/v2\/types\/product"}],"replies":[{"embeddable":true,"href":"https:\/\/labeldessens.com\/fr\/wp-json\/wp\/v2\/comments?post=12906"}],"wp:featuredmedia":[{"embeddable":true,"href":"https:\/\/labeldessens.com\/fr\/wp-json\/wp\/v2\/media\/12907"}],"wp:attachment":[{"href":"https:\/\/labeldessens.com\/fr\/wp-json\/wp\/v2\/media?parent=12906"}],"wp:term":[{"taxonomy":"product_brand","embeddable":true,"href":"https:\/\/labeldessens.com\/fr\/wp-json\/wp\/v2\/product_brand?post=12906"},{"taxonomy":"product_cat","embeddable":true,"href":"https:\/\/labeldessens.com\/fr\/wp-json\/wp\/v2\/product_cat?post=12906"},{"taxonomy":"product_tag","embeddable":true,"href":"https:\/\/labeldessens.com\/fr\/wp-json\/wp\/v2\/product_tag?post=12906"}],"curies":[{"name":"wp","href":"https:\/\/api.w.org\/{rel}","templated":true}]}}