{"id":12946,"date":"2026-02-10T13:45:33","date_gmt":"2026-02-10T13:45:33","guid":{"rendered":"https:\/\/labeldessens.com\/?post_type=product&#038;p=12946"},"modified":"2026-02-10T14:30:59","modified_gmt":"2026-02-10T14:30:59","slug":"patchouli","status":"publish","type":"product","link":"https:\/\/labeldessens.com\/fr\/produit\/patchouli\/","title":{"rendered":"PATCHOULI"},"content":{"rendered":"","protected":false},"excerpt":{"rendered":"<p data-start=\"1137\" data-end=\"1370\"><strong data-start=\"1137\" data-end=\"1150\">PATCHOULI<\/strong> to m\u0119ski zapach z rodziny <strong data-start=\"1177\" data-end=\"1198\">drzewno-szyprowej<\/strong>, g\u0142\u0119boki i wyrazisty.<br data-start=\"1220\" data-end=\"1223\" \/>Kompozycja oparta na <strong data-start=\"1244\" data-end=\"1271\">ziemistej nucie paczuli<\/strong> tworzy zapach intensywny, ciep\u0142y i autentyczny, nawi\u0105zuj\u0105cy do klasycznych, ponadczasowych perfum.<\/p>\n<p data-start=\"1372\" data-end=\"1527\">Akordy <strong data-start=\"1379\" data-end=\"1388\">ambry<\/strong> i <strong data-start=\"1391\" data-end=\"1408\">nut drzewnych<\/strong> nadaj\u0105 ca\u0142o\u015bci elegancji oraz m\u0119skiego charakteru.<\/p>\n<p data-start=\"1529\" data-end=\"1666\">Perfum stworzony dla m\u0119\u017cczyzn <strong data-start=\"1559\" data-end=\"1566\">30+<\/strong>, kt\u00f3rzy ceni\u0105 <strong data-start=\"1581\" data-end=\"1596\">vintage\u2019owe<\/strong> kompozycje o g\u0142\u0119bokiej, ziemistej strukturze i wyrazistej osobowo\u015bci.<\/p>\n<p data-start=\"1668\" data-end=\"1792\"><strong data-start=\"1668\" data-end=\"1690\">Rodzina zapachowa:<\/strong> Drzewno-szyprowa<br data-start=\"1707\" data-end=\"1710\" \/><strong data-start=\"1710\" data-end=\"1719\">Nuty:<\/strong> Paczula, Ambra, Nuty drzewne<\/p>","protected":false},"featured_media":12950,"comment_status":"open","ping_status":"closed","template":"","meta":{"om_disable_all_campaigns":false},"product_brand":[],"product_cat":[170,168],"product_tag":[],"class_list":{"0":"post-12946","1":"product","2":"type-product","3":"status-publish","4":"has-post-thumbnail","6":"product_cat-bap-meska","7":"product_cat-bar-a-parfum","9":"first","10":"instock","11":"purchasable","12":"product-type-variable"},"aioseo_notices":[],"_links":{"self":[{"href":"https:\/\/labeldessens.com\/fr\/wp-json\/wp\/v2\/product\/12946","targetHints":{"allow":["GET"]}}],"collection":[{"href":"https:\/\/labeldessens.com\/fr\/wp-json\/wp\/v2\/product"}],"about":[{"href":"https:\/\/labeldessens.com\/fr\/wp-json\/wp\/v2\/types\/product"}],"replies":[{"embeddable":true,"href":"https:\/\/labeldessens.com\/fr\/wp-json\/wp\/v2\/comments?post=12946"}],"wp:featuredmedia":[{"embeddable":true,"href":"https:\/\/labeldessens.com\/fr\/wp-json\/wp\/v2\/media\/12950"}],"wp:attachment":[{"href":"https:\/\/labeldessens.com\/fr\/wp-json\/wp\/v2\/media?parent=12946"}],"wp:term":[{"taxonomy":"product_brand","embeddable":true,"href":"https:\/\/labeldessens.com\/fr\/wp-json\/wp\/v2\/product_brand?post=12946"},{"taxonomy":"product_cat","embeddable":true,"href":"https:\/\/labeldessens.com\/fr\/wp-json\/wp\/v2\/product_cat?post=12946"},{"taxonomy":"product_tag","embeddable":true,"href":"https:\/\/labeldessens.com\/fr\/wp-json\/wp\/v2\/product_tag?post=12946"}],"curies":[{"name":"wp","href":"https:\/\/api.w.org\/{rel}","templated":true}]}}