{"id":12974,"date":"2026-02-10T14:20:37","date_gmt":"2026-02-10T14:20:37","guid":{"rendered":"https:\/\/labeldessens.com\/?post_type=product&#038;p=12974"},"modified":"2026-02-10T14:48:19","modified_gmt":"2026-02-10T14:48:19","slug":"spicy","status":"publish","type":"product","link":"https:\/\/labeldessens.com\/fr\/produit\/spicy\/","title":{"rendered":"SPICY"},"content":{"rendered":"<p data-start=\"1454\" data-end=\"1661\"><strong data-start=\"1454\" data-end=\"1463\">SPICY<\/strong> to m\u0119ski zapach z rodziny <strong data-start=\"1490\" data-end=\"1514\">orientalno-pikantnej<\/strong>, wyrazisty i pe\u0142en charakteru.<br data-start=\"1545\" data-end=\"1548\" \/>Otwarcie kompozycji \u0142\u0105czy <strong data-start=\"1574\" data-end=\"1581\">rum<\/strong> i <strong data-start=\"1584\" data-end=\"1593\">Gingembre<\/strong>, tworz\u0105c ciep\u0142y, aromatyczny akord inspirowany pikantnym koktajlem.<\/p>\n<p data-start=\"1663\" data-end=\"1874\">Serce zapachu to bogata mieszanka przypraw: <strong data-start=\"1707\" data-end=\"1724\">r\u00f3\u017cowy pieprz<\/strong>, <strong data-start=\"1726\" data-end=\"1737\">cynamon<\/strong>, <strong data-start=\"1739\" data-end=\"1756\">czarny pieprz<\/strong>, <strong data-start=\"1758\" data-end=\"1769\">go\u017adzik<\/strong>, <strong data-start=\"1771\" data-end=\"1793\">ga\u0142ka muszkato\u0142owa<\/strong> oraz <strong data-start=\"1799\" data-end=\"1811\">kolendra<\/strong>, kt\u00f3re nadaj\u0105 kompozycji intensywno\u015bci, g\u0142\u0119bi i oryginalno\u015bci.<\/p>\n<p data-start=\"1876\" data-end=\"2009\">Baza oparta na <strong data-start=\"1891\" data-end=\"1910\">li\u015bciu laurowym<\/strong> i <strong data-start=\"1913\" data-end=\"1933\">nutach drzewnych<\/strong> zapewnia eleganckie, m\u0119skie wyko\u0144czenie oraz trwa\u0142y, ciep\u0142y \u015blad na sk\u00f3rze.<\/p>\n<p data-start=\"2011\" data-end=\"2105\">Zapach dla m\u0119\u017cczyzny pewnego siebie, ceni\u0105cego wyrafinowane, pikantne i nowoczesne kompozycje.<\/p>\n<p data-start=\"2107\" data-end=\"2151\"><strong data-start=\"2107\" data-end=\"2129\">Rodzina zapachowa:<\/strong> Orientalno-pikantna<\/p>","protected":false},"excerpt":{"rendered":"<p data-start=\"2107\" data-end=\"2151\">\n<p data-start=\"2153\" data-end=\"2174\"><strong data-start=\"2153\" data-end=\"2172\">Nuty zapachowe:<\/strong><\/p>\n<ul data-start=\"2175\" data-end=\"2348\">\n<li data-start=\"2175\" data-end=\"2205\">\n<p data-start=\"2177\" data-end=\"2205\"><strong data-start=\"2177\" data-end=\"2192\">Nuty g\u0142owy:<\/strong> Rum, Imbir<\/p>\n<\/li>\n<li data-start=\"2206\" data-end=\"2302\">\n<p data-start=\"2208\" data-end=\"2302\"><strong data-start=\"2208\" data-end=\"2223\">Nuty serca:<\/strong> R\u00f3\u017cowy pieprz, Cynamon, Czarny pieprz, Go\u017adzik, Ga\u0142ka muszkato\u0142owa, Kolendra<\/p>\n<\/li>\n<li data-start=\"2303\" data-end=\"2348\">\n<p data-start=\"2305\" data-end=\"2348\"><strong data-start=\"2305\" data-end=\"2319\">Nuty bazy:<\/strong> Li\u015b\u0107 laurowy, Nuty drzewne<\/p>\n<\/li>\n<\/ul>","protected":false},"featured_media":12975,"comment_status":"open","ping_status":"closed","template":"","meta":{"om_disable_all_campaigns":false},"product_brand":[],"product_cat":[170,168],"product_tag":[],"class_list":{"0":"post-12974","1":"product","2":"type-product","3":"status-publish","4":"has-post-thumbnail","6":"product_cat-bap-meska","7":"product_cat-bar-a-parfum","9":"first","10":"instock","11":"purchasable","12":"product-type-variable"},"aioseo_notices":[],"_links":{"self":[{"href":"https:\/\/labeldessens.com\/fr\/wp-json\/wp\/v2\/product\/12974","targetHints":{"allow":["GET"]}}],"collection":[{"href":"https:\/\/labeldessens.com\/fr\/wp-json\/wp\/v2\/product"}],"about":[{"href":"https:\/\/labeldessens.com\/fr\/wp-json\/wp\/v2\/types\/product"}],"replies":[{"embeddable":true,"href":"https:\/\/labeldessens.com\/fr\/wp-json\/wp\/v2\/comments?post=12974"}],"wp:featuredmedia":[{"embeddable":true,"href":"https:\/\/labeldessens.com\/fr\/wp-json\/wp\/v2\/media\/12975"}],"wp:attachment":[{"href":"https:\/\/labeldessens.com\/fr\/wp-json\/wp\/v2\/media?parent=12974"}],"wp:term":[{"taxonomy":"product_brand","embeddable":true,"href":"https:\/\/labeldessens.com\/fr\/wp-json\/wp\/v2\/product_brand?post=12974"},{"taxonomy":"product_cat","embeddable":true,"href":"https:\/\/labeldessens.com\/fr\/wp-json\/wp\/v2\/product_cat?post=12974"},{"taxonomy":"product_tag","embeddable":true,"href":"https:\/\/labeldessens.com\/fr\/wp-json\/wp\/v2\/product_tag?post=12974"}],"curies":[{"name":"wp","href":"https:\/\/api.w.org\/{rel}","templated":true}]}}