{"id":12979,"date":"2026-02-10T14:24:10","date_gmt":"2026-02-10T14:24:10","guid":{"rendered":"https:\/\/labeldessens.com\/?post_type=product&#038;p=12979"},"modified":"2026-02-10T14:47:35","modified_gmt":"2026-02-10T14:47:35","slug":"love-me","status":"publish","type":"product","link":"https:\/\/labeldessens.com\/fr\/produit\/love-me\/","title":{"rendered":"LOVE ME"},"content":{"rendered":"<p data-start=\"1386\" data-end=\"1653\"><strong data-start=\"1386\" data-end=\"1397\">LOVE ME<\/strong> to damski zapach z rodziny <strong data-start=\"1425\" data-end=\"1446\">kwiatowo-owocowej<\/strong>, m\u0142odzie\u0144czy, radosny i niezwykle apetyczny.<br data-start=\"1491\" data-end=\"1494\" \/>Otwarcie kompozycji to \u015bwie\u017cy, s\u0142odki miks <strong data-start=\"1537\" data-end=\"1546\">wi\u015bni<\/strong>, <strong data-start=\"1548\" data-end=\"1561\">truskawki<\/strong>, <strong data-start=\"1563\" data-end=\"1574\">ananasa<\/strong> i <strong data-start=\"1577\" data-end=\"1591\">mandarynki<\/strong>, kt\u00f3ry natychmiast przyci\u0105ga uwag\u0119 swoj\u0105 lekko\u015bci\u0105 i energi\u0105.<\/p>\n<p data-start=\"1655\" data-end=\"1843\">W sercu zapachu pojawia si\u0119 oryginalne po\u0142\u0105czenie <strong data-start=\"1705\" data-end=\"1717\">popcornu<\/strong> i <strong data-start=\"1720\" data-end=\"1731\">karmelu<\/strong>, otulone kwiatowymi nutami <strong data-start=\"1759\" data-end=\"1767\">r\u00f3\u017cy<\/strong>, <strong data-start=\"1769\" data-end=\"1780\">ja\u015bminu<\/strong> i <strong data-start=\"1783\" data-end=\"1793\">fio\u0142ka<\/strong>, nadaj\u0105c ca\u0142o\u015bci kobiecego, zabawnego charakteru.<\/p>\n<p data-start=\"1845\" data-end=\"1988\">Baza z <strong data-start=\"1852\" data-end=\"1863\">paczuli<\/strong>, <strong data-start=\"1865\" data-end=\"1874\">pi\u017cma<\/strong> i <strong data-start=\"1877\" data-end=\"1890\">bursztynu<\/strong> wprowadza ciep\u0142o oraz subteln\u0105 zmys\u0142owo\u015b\u0107, pozostawiaj\u0105c delikatny, uwodzicielski \u015blad na sk\u00f3rze.<\/p>\n<p data-start=\"1990\" data-end=\"2086\">Zapach idealny dla m\u0142odej, radosnej kobiety, kt\u00f3ra chce uwodzi\u0107 \u015bwie\u017co\u015bci\u0105 i naturalnym urokiem.<\/p>\n<p data-start=\"2088\" data-end=\"2129\"><strong data-start=\"2088\" data-end=\"2110\">Rodzina zapachowa:<\/strong> Kwiatowo-owocowa<\/p>","protected":false},"excerpt":{"rendered":"<p data-start=\"2088\" data-end=\"2129\">\n<p data-start=\"2131\" data-end=\"2152\"><strong data-start=\"2131\" data-end=\"2150\">Nuty zapachowe:<\/strong><\/p>\n<ul data-start=\"2153\" data-end=\"2312\">\n<li data-start=\"2153\" data-end=\"2210\">\n<p data-start=\"2155\" data-end=\"2210\"><strong data-start=\"2155\" data-end=\"2170\">Nuty g\u0142owy:<\/strong> Wi\u015bnia, Truskawka, Ananas, Mandarynka<\/p>\n<\/li>\n<li data-start=\"2211\" data-end=\"2268\">\n<p data-start=\"2213\" data-end=\"2268\"><strong data-start=\"2213\" data-end=\"2228\">Nuty serca:<\/strong> Popcorn, Karmel, R\u00f3\u017ca, Ja\u015bmin, Fio\u0142ek<\/p>\n<\/li>\n<li data-start=\"2269\" data-end=\"2312\">\n<p data-start=\"2271\" data-end=\"2312\"><strong data-start=\"2271\" data-end=\"2285\">Nuty bazy:<\/strong> Paczula, Pi\u017cmo, Bursztyn<\/p>\n<\/li>\n<\/ul>","protected":false},"featured_media":12980,"comment_status":"open","ping_status":"closed","template":"","meta":{"om_disable_all_campaigns":false},"product_brand":[],"product_cat":[169,168],"product_tag":[],"class_list":{"0":"post-12979","1":"product","2":"type-product","3":"status-publish","4":"has-post-thumbnail","6":"product_cat-bap-damska","7":"product_cat-bar-a-parfum","9":"first","10":"instock","11":"purchasable","12":"product-type-variable"},"aioseo_notices":[],"_links":{"self":[{"href":"https:\/\/labeldessens.com\/fr\/wp-json\/wp\/v2\/product\/12979","targetHints":{"allow":["GET"]}}],"collection":[{"href":"https:\/\/labeldessens.com\/fr\/wp-json\/wp\/v2\/product"}],"about":[{"href":"https:\/\/labeldessens.com\/fr\/wp-json\/wp\/v2\/types\/product"}],"replies":[{"embeddable":true,"href":"https:\/\/labeldessens.com\/fr\/wp-json\/wp\/v2\/comments?post=12979"}],"wp:featuredmedia":[{"embeddable":true,"href":"https:\/\/labeldessens.com\/fr\/wp-json\/wp\/v2\/media\/12980"}],"wp:attachment":[{"href":"https:\/\/labeldessens.com\/fr\/wp-json\/wp\/v2\/media?parent=12979"}],"wp:term":[{"taxonomy":"product_brand","embeddable":true,"href":"https:\/\/labeldessens.com\/fr\/wp-json\/wp\/v2\/product_brand?post=12979"},{"taxonomy":"product_cat","embeddable":true,"href":"https:\/\/labeldessens.com\/fr\/wp-json\/wp\/v2\/product_cat?post=12979"},{"taxonomy":"product_tag","embeddable":true,"href":"https:\/\/labeldessens.com\/fr\/wp-json\/wp\/v2\/product_tag?post=12979"}],"curies":[{"name":"wp","href":"https:\/\/api.w.org\/{rel}","templated":true}]}}