{"id":12991,"date":"2026-02-10T20:35:37","date_gmt":"2026-02-10T20:35:37","guid":{"rendered":"https:\/\/labeldessens.com\/?post_type=product&#038;p=12991"},"modified":"2026-02-11T13:19:35","modified_gmt":"2026-02-11T13:19:35","slug":"private-glow","status":"publish","type":"product","link":"https:\/\/labeldessens.com\/fr\/produit\/private-glow\/","title":{"rendered":"PRIVATE GLOW"},"content":{"rendered":"<p data-start=\"287\" data-end=\"483\"><strong>PRIVATE GLOW<\/strong> to kobiecy zapach o kwiatowo-orientalnej sygnaturze, pe\u0142en blasku, elegancji i subtelnej zmys\u0142owo\u015bci. Kompozycja zosta\u0142a stworzona dla kobiety nowoczesnej, pewnej siebie i promiennej.<\/p>\n<p data-start=\"485\" data-end=\"843\">Nuty g\u0142owy otwieraj\u0105 zapach \u015bwie\u017cym i \u015bwietlistym akordem <strong data-start=\"543\" data-end=\"604\">Pomara\u0144czy, Mandarynki, Bergamotki oraz Kwiatu Pomara\u0144czy<\/strong>. Serce rozkwita wyrafinowanym bukietem <strong data-start=\"644\" data-end=\"692\">R\u00f3\u017cy z Turcji, Ja\u015bminu, Mimozy i Ylang-ylang<\/strong>, nadaj\u0105c ca\u0142o\u015bci kobiecej g\u0142\u0119bi. Baza \u0142\u0105czy <strong data-start=\"737\" data-end=\"798\">Paczul\u0119, Bia\u0142e Pi\u017cmo, Wanili\u0119, Wetiver oraz Fasolk\u0119 Tonka<\/strong>, tworz\u0105c ciep\u0142y, elegancki i otulaj\u0105cy \u015blad.<\/p>\n<p data-start=\"845\" data-end=\"921\">Zmys\u0142owy i szykowny \u2013 idealny zar\u00f3wno na dzie\u0144, jak i na wyj\u0105tkowe wieczory.<\/p>\n<p data-start=\"923\" data-end=\"1170\">","protected":false},"excerpt":{"rendered":"<p>Rodzina zapachowa: <strong>Kwiatowo-Orientalna<\/strong><br \/>\n<strong>Notes de t\u00eate<\/strong>: Pomara\u0144cza, Mandarynka, Bergamotka, Kwiat Pomara\u0144czy<br \/>\n<strong>Notes de c\u0153ur<\/strong>: R\u00f3\u017ca z Turcji, Ja\u015bmin, Mimoza, Ylang-ylang<br \/>\n<strong>Notes de fond<\/strong>: Paczula, Bia\u0142e Pi\u017cmo, Wanilia, Wetiver, Fasolka Tonka<\/p>","protected":false},"featured_media":12992,"comment_status":"open","ping_status":"closed","template":"","meta":{"om_disable_all_campaigns":false},"product_brand":[],"product_cat":[169,168],"product_tag":[],"class_list":{"0":"post-12991","1":"product","2":"type-product","3":"status-publish","4":"has-post-thumbnail","6":"product_cat-bap-damska","7":"product_cat-bar-a-parfum","9":"first","10":"instock","11":"purchasable","12":"product-type-variable"},"aioseo_notices":[],"_links":{"self":[{"href":"https:\/\/labeldessens.com\/fr\/wp-json\/wp\/v2\/product\/12991","targetHints":{"allow":["GET"]}}],"collection":[{"href":"https:\/\/labeldessens.com\/fr\/wp-json\/wp\/v2\/product"}],"about":[{"href":"https:\/\/labeldessens.com\/fr\/wp-json\/wp\/v2\/types\/product"}],"replies":[{"embeddable":true,"href":"https:\/\/labeldessens.com\/fr\/wp-json\/wp\/v2\/comments?post=12991"}],"wp:featuredmedia":[{"embeddable":true,"href":"https:\/\/labeldessens.com\/fr\/wp-json\/wp\/v2\/media\/12992"}],"wp:attachment":[{"href":"https:\/\/labeldessens.com\/fr\/wp-json\/wp\/v2\/media?parent=12991"}],"wp:term":[{"taxonomy":"product_brand","embeddable":true,"href":"https:\/\/labeldessens.com\/fr\/wp-json\/wp\/v2\/product_brand?post=12991"},{"taxonomy":"product_cat","embeddable":true,"href":"https:\/\/labeldessens.com\/fr\/wp-json\/wp\/v2\/product_cat?post=12991"},{"taxonomy":"product_tag","embeddable":true,"href":"https:\/\/labeldessens.com\/fr\/wp-json\/wp\/v2\/product_tag?post=12991"}],"curies":[{"name":"wp","href":"https:\/\/api.w.org\/{rel}","templated":true}]}}