{"id":12996,"date":"2026-02-10T20:47:03","date_gmt":"2026-02-10T20:47:03","guid":{"rendered":"https:\/\/labeldessens.com\/?post_type=product&#038;p=12996"},"modified":"2026-02-11T13:20:36","modified_gmt":"2026-02-11T13:20:36","slug":"osmea","status":"publish","type":"product","link":"https:\/\/labeldessens.com\/fr\/produit\/osmea\/","title":{"rendered":"OSMEA"},"content":{"rendered":"<p data-start=\"226\" data-end=\"392\"><strong>OSMEA<\/strong> to zapach unisex o szyprowo-aromatycznej sygnaturze, intensywny i wyrafinowany. G\u0142\u0119boki oraz tajemniczy, zachwyca bogactwem kompozycji i wyrazistym charakterem.<\/p>\n<p data-start=\"394\" data-end=\"954\">Nuty g\u0142owy otwieraj\u0105 si\u0119 \u015bwie\u017c\u0105 i z\u0142o\u017con\u0105 kompozycj\u0105 <strong data-start=\"447\" data-end=\"576\">Rumianku, Aldehyd\u00f3w, Sza\u0142wii muszkato\u0142owej, Kolendry, Geranium, Werbeny cytrynowej, Palisandru brazylijskiego oraz Bergamotki<\/strong>, nadaj\u0105c zapachowi energii i elegancji.<br data-start=\"616\" data-end=\"619\" \/>Serce rozwija si\u0119 w harmonii kwiatowych akord\u00f3w <strong data-start=\"667\" data-end=\"753\">Go\u017adzika, R\u00f3\u017cy, Ylang-ylang, Korzenia Irysa, Ja\u015bminu, Tuber\u00f3zy i Kwiatu Pomara\u0144czy<\/strong>, podkre\u015blaj\u0105c jego g\u0142\u0119bi\u0119 i wyrafinowanie.<br data-start=\"796\" data-end=\"799\" \/>Baza to intensywne po\u0142\u0105czenie <strong data-start=\"829\" data-end=\"906\">Mchu D\u0119bowego, Paczuli, Kadzid\u0142a, Wetiveru, Drzewa Sanda\u0142owego oraz Pi\u017cma<\/strong>, tworz\u0105ce trwa\u0142y, magnetyczny i elegancki \u015blad.<\/p>\n<p data-start=\"956\" data-end=\"1063\">Wyrazisty i ponadczasowy \u2013 <strong>OSMEA<\/strong> jest propozycj\u0105 dla os\u00f3b pewnych siebie i ceni\u0105cych klasyk\u0119 z charakterem.<\/p>","protected":false},"excerpt":{"rendered":"<p><strong data-start=\"1065\" data-end=\"1087\">Rodzina zapachowa:<\/strong> Szyprowo-Aromatyczna<br data-start=\"1108\" data-end=\"1111\" \/><strong data-start=\"1111\" data-end=\"1126\">Nuty g\u0142owy:<\/strong> Rumianek, Aldehydy, Sza\u0142wia muszkato\u0142owa, Kolendra, Geranium, Werbena cytrynowa, Bergamotka<br data-start=\"1218\" data-end=\"1221\" \/><strong data-start=\"1221\" data-end=\"1236\">Nuty serca:<\/strong> Go\u017adzik, R\u00f3\u017ca, Ylang-ylang, Irys, Ja\u015bmin, Tuber\u00f3za, Kwiat Pomara\u0144czy<br data-start=\"1305\" data-end=\"1308\" \/><strong data-start=\"1308\" data-end=\"1322\">Nuty bazy:<\/strong> Mech D\u0119bowy, Paczula, Kadzid\u0142o, Wetiver, Drzewo Sanda\u0142owe, Pi\u017cmo<\/p>","protected":false},"featured_media":12997,"comment_status":"open","ping_status":"closed","template":"","meta":{"om_disable_all_campaigns":false},"product_brand":[],"product_cat":[169,168],"product_tag":[],"class_list":{"0":"post-12996","1":"product","2":"type-product","3":"status-publish","4":"has-post-thumbnail","6":"product_cat-bap-damska","7":"product_cat-bar-a-parfum","9":"first","10":"instock","11":"purchasable","12":"product-type-variable"},"aioseo_notices":[],"_links":{"self":[{"href":"https:\/\/labeldessens.com\/fr\/wp-json\/wp\/v2\/product\/12996","targetHints":{"allow":["GET"]}}],"collection":[{"href":"https:\/\/labeldessens.com\/fr\/wp-json\/wp\/v2\/product"}],"about":[{"href":"https:\/\/labeldessens.com\/fr\/wp-json\/wp\/v2\/types\/product"}],"replies":[{"embeddable":true,"href":"https:\/\/labeldessens.com\/fr\/wp-json\/wp\/v2\/comments?post=12996"}],"wp:featuredmedia":[{"embeddable":true,"href":"https:\/\/labeldessens.com\/fr\/wp-json\/wp\/v2\/media\/12997"}],"wp:attachment":[{"href":"https:\/\/labeldessens.com\/fr\/wp-json\/wp\/v2\/media?parent=12996"}],"wp:term":[{"taxonomy":"product_brand","embeddable":true,"href":"https:\/\/labeldessens.com\/fr\/wp-json\/wp\/v2\/product_brand?post=12996"},{"taxonomy":"product_cat","embeddable":true,"href":"https:\/\/labeldessens.com\/fr\/wp-json\/wp\/v2\/product_cat?post=12996"},{"taxonomy":"product_tag","embeddable":true,"href":"https:\/\/labeldessens.com\/fr\/wp-json\/wp\/v2\/product_tag?post=12996"}],"curies":[{"name":"wp","href":"https:\/\/api.w.org\/{rel}","templated":true}]}}