{"id":13021,"date":"2026-02-10T22:22:31","date_gmt":"2026-02-10T22:22:31","guid":{"rendered":"https:\/\/labeldessens.com\/?post_type=product&#038;p=13021"},"modified":"2026-02-11T13:30:35","modified_gmt":"2026-02-11T13:30:35","slug":"origine","status":"publish","type":"product","link":"https:\/\/labeldessens.com\/fr\/produit\/origine\/","title":{"rendered":"ORIGINE"},"content":{"rendered":"","protected":false},"excerpt":{"rendered":"<p data-start=\"5516\" data-end=\"5585\"><strong>ORIGINE<\/strong> to elegancki zapach drzewno-korzenny inspirowany si\u0142\u0105 natury.<\/p>\n<p data-start=\"5587\" data-end=\"5848\">Nuty g\u0142owy: <strong data-start=\"5599\" data-end=\"5625\">Pomara\u0144cza i Grejpfrut<\/strong>, zapewniaj\u0105ce \u015bwie\u017co\u015b\u0107 i energi\u0119.<br data-start=\"5659\" data-end=\"5662\" \/>Serce: <strong data-start=\"5669\" data-end=\"5702\">Pieprz, Pelargonia i Krzemie\u0144<\/strong>, nadaj\u0105ce kompozycji mineralny oraz pikantny charakter.<br data-start=\"5758\" data-end=\"5761\" \/>Baza: <strong data-start=\"5767\" data-end=\"5803\">Wetiver, Cedr, Paczula i Benzoes<\/strong>, tworz\u0105ce trwa\u0142y, m\u0119ski i wyrafinowany \u015blad.<\/p>\n<p data-start=\"5850\" data-end=\"5886\">Naturalny, elegancki i ponadczasowy.<\/p>\n<p data-start=\"5888\" data-end=\"5929\"><strong data-start=\"5888\" data-end=\"5910\">Rodzina zapachowa:<\/strong> Drzewno-Korzenna<\/p>","protected":false},"featured_media":13025,"comment_status":"open","ping_status":"closed","template":"","meta":{"om_disable_all_campaigns":false},"product_brand":[],"product_cat":[170,168],"product_tag":[],"class_list":{"0":"post-13021","1":"product","2":"type-product","3":"status-publish","4":"has-post-thumbnail","6":"product_cat-bap-meska","7":"product_cat-bar-a-parfum","9":"first","10":"instock","11":"purchasable","12":"product-type-variable"},"aioseo_notices":[],"_links":{"self":[{"href":"https:\/\/labeldessens.com\/fr\/wp-json\/wp\/v2\/product\/13021","targetHints":{"allow":["GET"]}}],"collection":[{"href":"https:\/\/labeldessens.com\/fr\/wp-json\/wp\/v2\/product"}],"about":[{"href":"https:\/\/labeldessens.com\/fr\/wp-json\/wp\/v2\/types\/product"}],"replies":[{"embeddable":true,"href":"https:\/\/labeldessens.com\/fr\/wp-json\/wp\/v2\/comments?post=13021"}],"wp:featuredmedia":[{"embeddable":true,"href":"https:\/\/labeldessens.com\/fr\/wp-json\/wp\/v2\/media\/13025"}],"wp:attachment":[{"href":"https:\/\/labeldessens.com\/fr\/wp-json\/wp\/v2\/media?parent=13021"}],"wp:term":[{"taxonomy":"product_brand","embeddable":true,"href":"https:\/\/labeldessens.com\/fr\/wp-json\/wp\/v2\/product_brand?post=13021"},{"taxonomy":"product_cat","embeddable":true,"href":"https:\/\/labeldessens.com\/fr\/wp-json\/wp\/v2\/product_cat?post=13021"},{"taxonomy":"product_tag","embeddable":true,"href":"https:\/\/labeldessens.com\/fr\/wp-json\/wp\/v2\/product_tag?post=13021"}],"curies":[{"name":"wp","href":"https:\/\/api.w.org\/{rel}","templated":true}]}}