{"id":13026,"date":"2026-02-10T22:53:36","date_gmt":"2026-02-10T22:53:36","guid":{"rendered":"https:\/\/labeldessens.com\/?post_type=product&#038;p=13026"},"modified":"2026-02-11T13:29:36","modified_gmt":"2026-02-11T13:29:36","slug":"alpha-code","status":"publish","type":"product","link":"https:\/\/labeldessens.com\/fr\/produit\/alpha-code\/","title":{"rendered":"ALPHA CODE"},"content":{"rendered":"<p data-start=\"4704\" data-end=\"4787\"><strong>ALPHA CODE<\/strong> to klasyczny, aromatyczny zapach dla m\u0119\u017cczyzn, elegancki i ponadczasowy.<\/p>\n<p data-start=\"4789\" data-end=\"5160\">Nuty g\u0142owy \u0142\u0105cz\u0105 <strong data-start=\"4806\" data-end=\"4849\">Lawend\u0119, Rozmaryn, Bergamotk\u0119 i Cytryn\u0119<\/strong>, oferuj\u0105c \u015bwie\u017ce i czyste otwarcie.<br data-start=\"4885\" data-end=\"4888\" \/>Serce tworz\u0105 <strong data-start=\"4901\" data-end=\"4993\">Sza\u0142wia muszkato\u0142owa, Palisander brazylijski, Cedr, Heliotrop, Kolendra, Geranium i R\u00f3\u017ca<\/strong>, nadaj\u0105c kompozycji struktury i wyrafinowania.<br data-start=\"5040\" data-end=\"5043\" \/>Baza sk\u0142ada si\u0119 z <strong data-start=\"5061\" data-end=\"5112\">Wanilii, Pi\u017cma, Fasolki Tonka, Bursztynu i Mchu<\/strong>, pozostawiaj\u0105c elegancki, mi\u0119kki i trwa\u0142y \u015blad.<\/p>\n<p data-start=\"5162\" data-end=\"5207\">Stylowy i szlachetny \u2013 dla m\u0119\u017cczyzny z klas\u0105.<\/p>","protected":false},"excerpt":{"rendered":"<p><strong data-start=\"5209\" data-end=\"5231\">Rodzina zapachowa:<\/strong> Aromatyczna<br data-start=\"5243\" data-end=\"5246\" \/><strong data-start=\"5246\" data-end=\"5261\">Nuty g\u0142owy:<\/strong> Lawenda, Rozmaryn, Bergamotka, Cytryna<br data-start=\"5300\" data-end=\"5303\" \/><strong data-start=\"5303\" data-end=\"5318\">Nuty serca:<\/strong> Sza\u0142wia muszkato\u0142owa, Palisander, Cedr, Heliotrop, Kolendra, Geranium, R\u00f3\u017ca<br data-start=\"5394\" data-end=\"5397\" \/><strong data-start=\"5397\" data-end=\"5411\">Nuty bazy:<\/strong> Wanilia, Pi\u017cmo, Fasolka Tonka, Bursztyn, Mech<\/p>","protected":false},"featured_media":13030,"comment_status":"open","ping_status":"closed","template":"","meta":{"om_disable_all_campaigns":false},"product_brand":[],"product_cat":[170,168],"product_tag":[],"class_list":{"0":"post-13026","1":"product","2":"type-product","3":"status-publish","4":"has-post-thumbnail","6":"product_cat-bap-meska","7":"product_cat-bar-a-parfum","9":"first","10":"instock","11":"purchasable","12":"product-type-variable"},"aioseo_notices":[],"_links":{"self":[{"href":"https:\/\/labeldessens.com\/fr\/wp-json\/wp\/v2\/product\/13026","targetHints":{"allow":["GET"]}}],"collection":[{"href":"https:\/\/labeldessens.com\/fr\/wp-json\/wp\/v2\/product"}],"about":[{"href":"https:\/\/labeldessens.com\/fr\/wp-json\/wp\/v2\/types\/product"}],"replies":[{"embeddable":true,"href":"https:\/\/labeldessens.com\/fr\/wp-json\/wp\/v2\/comments?post=13026"}],"wp:featuredmedia":[{"embeddable":true,"href":"https:\/\/labeldessens.com\/fr\/wp-json\/wp\/v2\/media\/13030"}],"wp:attachment":[{"href":"https:\/\/labeldessens.com\/fr\/wp-json\/wp\/v2\/media?parent=13026"}],"wp:term":[{"taxonomy":"product_brand","embeddable":true,"href":"https:\/\/labeldessens.com\/fr\/wp-json\/wp\/v2\/product_brand?post=13026"},{"taxonomy":"product_cat","embeddable":true,"href":"https:\/\/labeldessens.com\/fr\/wp-json\/wp\/v2\/product_cat?post=13026"},{"taxonomy":"product_tag","embeddable":true,"href":"https:\/\/labeldessens.com\/fr\/wp-json\/wp\/v2\/product_tag?post=13026"}],"curies":[{"name":"wp","href":"https:\/\/api.w.org\/{rel}","templated":true}]}}