{"id":4487,"date":"2020-03-26T08:50:48","date_gmt":"2020-03-26T08:50:48","guid":{"rendered":"https:\/\/labeldessens.com\/?post_type=product&#038;p=4487"},"modified":"2021-05-22T13:57:01","modified_gmt":"2021-05-22T13:57:01","slug":"for-all-hair-types","status":"publish","type":"product","link":"https:\/\/labeldessens.com\/fr\/produit\/for-all-hair-types\/","title":{"rendered":"Shampooing pour tous types de cheveux"},"content":{"rendered":"<p class=\"p1\"><span class=\"s1\">Le shampooing pour cheveux normaux est enrichi en huile de noix de coco pour une alimentation quotidienne.<\/span><\/p>\n<p>Comment utiliser ce produit ?<br \/>\n- Frotter le shampooing dans les mains ou directement sur les cheveux mouill\u00e9s,<\/p>\n<p>- Masser le cuir chevelu et l'ensemble des cheveux jusqu'\u00e0 l'obtention d'une mousse parfum\u00e9e,<\/p>\n<p>- Rincer abondamment le produit \u00e0 l'eau.<\/p>\n<p>50g<\/p>\n<p>INCI : <em>Sodium Coco Sulphate, Parfum, Cocos Nucifera (Coconut) Oil, Aqua, Propylene Glycol, Lauryl Betaine, CI 75810, CI 75100, Limonene, Hexyl Cinnamal, Linalool, Butylphenyl Methylpropional.<\/em><\/p>","protected":false},"excerpt":{"rendered":"<p>Veuillez noter que les barres de shampoing ne conviennent pas \u00e0 tout le monde et d\u00e9pendent souvent du type de cheveux, de leur longueur, de leur \u00e9tat, de leur porosit\u00e9, du type d'eau (dure ou douce) et de l'accumulation \u00e9ventuelle de r\u00e9sidus de shampoings et de produits coiffants \u00e0 base de silicone.  Cela peut \u00e9galement d\u00e9pendre de la m\u00e9thode d'utilisation de la barre, de l'utilisation d'une quantit\u00e9 suffisante de produit, de la cr\u00e9ation d'une mousse et d'un rin\u00e7age ad\u00e9quat pour \u00e9viter de laisser des r\u00e9sidus sur les cheveux.<\/p>","protected":false},"featured_media":9136,"comment_status":"open","ping_status":"closed","template":"","meta":{"om_disable_all_campaigns":false},"product_brand":[],"product_cat":[82],"product_tag":[85,84,83,87],"class_list":{"0":"post-4487","1":"product","2":"type-product","3":"status-publish","4":"has-post-thumbnail","6":"product_cat-szampony-w-kostce","7":"product_tag-shampoingnature","8":"product_tag-shampoingsolide","9":"product_tag-shampoobar","10":"product_tag-zerowaste","12":"first","13":"instock","14":"purchasable","15":"product-type-simple"},"aioseo_notices":[],"_links":{"self":[{"href":"https:\/\/labeldessens.com\/fr\/wp-json\/wp\/v2\/product\/4487","targetHints":{"allow":["GET"]}}],"collection":[{"href":"https:\/\/labeldessens.com\/fr\/wp-json\/wp\/v2\/product"}],"about":[{"href":"https:\/\/labeldessens.com\/fr\/wp-json\/wp\/v2\/types\/product"}],"replies":[{"embeddable":true,"href":"https:\/\/labeldessens.com\/fr\/wp-json\/wp\/v2\/comments?post=4487"}],"wp:featuredmedia":[{"embeddable":true,"href":"https:\/\/labeldessens.com\/fr\/wp-json\/wp\/v2\/media\/9136"}],"wp:attachment":[{"href":"https:\/\/labeldessens.com\/fr\/wp-json\/wp\/v2\/media?parent=4487"}],"wp:term":[{"taxonomy":"product_brand","embeddable":true,"href":"https:\/\/labeldessens.com\/fr\/wp-json\/wp\/v2\/product_brand?post=4487"},{"taxonomy":"product_cat","embeddable":true,"href":"https:\/\/labeldessens.com\/fr\/wp-json\/wp\/v2\/product_cat?post=4487"},{"taxonomy":"product_tag","embeddable":true,"href":"https:\/\/labeldessens.com\/fr\/wp-json\/wp\/v2\/product_tag?post=4487"}],"curies":[{"name":"wp","href":"https:\/\/api.w.org\/{rel}","templated":true}]}}