{"id":467,"date":"2019-10-08T15:35:30","date_gmt":"2019-10-08T15:35:30","guid":{"rendered":"https:\/\/labeldessens.com\/?post_type=product&#038;p=467"},"modified":"2026-03-04T17:58:24","modified_gmt":"2026-03-04T17:58:24","slug":"mydlo-marsylskie-morela","status":"publish","type":"product","link":"https:\/\/labeldessens.com\/fr\/produit\/mydlo-marsylskie-morela\/","title":{"rendered":"ABRICOT"},"content":{"rendered":"<p><span style=\"font-size: 14.4px;\">Ce savon naturel poss\u00e8de les propri\u00e9t\u00e9s suivantes :<\/span><\/p>\n<div class=\"grid product-single product-single--medium-media\">\n<div class=\"grid__item medium-up--one-half\">\n<div class=\"product-single__description rte\">\n<p>- contient 72% d'huiles v\u00e9g\u00e9tales,<br \/>\n- sans graisses animales,<br \/>\n- Le pain de savon est efficace et \u00e9conomique et favorise l'environnement. Il est biod\u00e9gradable. IL N'EST PAS TEST\u00c9 SUR LES ANIMAUX,<br \/>\n- pH neutre pour la peau<\/p>\n<div id=\"shopify-section-product-template\" class=\"shopify-section\">\n<div id=\"ProductSection-product-template\" class=\"product-template__container page-width\" data-section-id=\"product-template\" data-section-type=\"product\" data-enable-history-state=\"true\" data-ajax-enabled=\"true\">\n<div class=\"grid product-single product-single--medium-media\">\n<div class=\"grid__item medium-up--one-half\">\n<p>Le savon est enrichi de\u00a0<strong>beurre de karit\u00e9<\/strong>qui nourrit, revitalise et hydrate formidablement la peau. C'est un ingr\u00e9dient lissant, anti-inflammatoire et hydratant tr\u00e8s appr\u00e9ci\u00e9 en cosm\u00e9tique.<\/p>\n<div><\/div>\n<\/div>\n<\/div>\n<\/div>\n<\/div>\n<\/div>\n<\/div>\n<\/div>\n<div class=\"grid product-single product-single--medium-media\">\n<div class=\"grid__item medium-up--one-half\">\n<div><\/div>\n<div class=\"product-single__description rte\"><span style=\"font-size: 75%;\">INCI : sodium palmate, sodium palm kernelate, aqua (eau), parfum (fragrance), palm kernel acid, prunus armeniaca seed powder, sodium chloride, glycerin, butyrospermum parkii (shea) butter*, tetrasodium EDTA, tetrasodium etidronate, alpha-isomethyl ionone, limonene, geraniol, linalool, CI 11680,CI 12085\u00a0<\/span><\/div>\n<div><span style=\"font-size: 75%;\">*culture biologique<\/span><\/div>\n<\/div>\n<\/div>","protected":false},"excerpt":{"rendered":"<p>To naturalne myd\u0142o posiada nast\u0119puj\u0105ce w\u0142a\u015bciwo\u015bci: \u2013 zawiera 72% olejk\u00f3w ro\u015blinnych, \u2013 bez t\u0142uszcz\u00f3w zwierz\u0119cych, \u2013 Myd\u0142o w kostce jest wydajne i ekonomiczne oraz sprzyja \u015brodowisku. Ulega biodegradacji. NIE JEST TESTOWANE NA ZWIERZ\u0118TACH, \u2013 neutralne dla sk\u00f3ry pH Myde\u0142ko wzbogacone jest\u00a0mas\u0142em shea, kt\u00f3re dodatkowo\u00a0od\u017cywia, rewitalizuje i fantastycznie nawil\u017ca sk\u00f3r\u0119. Jest cenionym w kosmetyce sk\u0142adnikiem wyg\u0142adzaj\u0105cym, [&#8230;]\n","protected":false},"featured_media":9802,"comment_status":"open","ping_status":"closed","template":"","meta":{"om_disable_all_campaigns":false},"product_brand":[],"product_cat":[54],"product_tag":[],"class_list":{"0":"post-467","1":"product","2":"type-product","3":"status-publish","4":"has-post-thumbnail","6":"product_cat-mydlo-zapachowe-125g","8":"first","9":"instock","10":"purchasable","11":"product-type-simple"},"aioseo_notices":[],"_links":{"self":[{"href":"https:\/\/labeldessens.com\/fr\/wp-json\/wp\/v2\/product\/467","targetHints":{"allow":["GET"]}}],"collection":[{"href":"https:\/\/labeldessens.com\/fr\/wp-json\/wp\/v2\/product"}],"about":[{"href":"https:\/\/labeldessens.com\/fr\/wp-json\/wp\/v2\/types\/product"}],"replies":[{"embeddable":true,"href":"https:\/\/labeldessens.com\/fr\/wp-json\/wp\/v2\/comments?post=467"}],"wp:featuredmedia":[{"embeddable":true,"href":"https:\/\/labeldessens.com\/fr\/wp-json\/wp\/v2\/media\/9802"}],"wp:attachment":[{"href":"https:\/\/labeldessens.com\/fr\/wp-json\/wp\/v2\/media?parent=467"}],"wp:term":[{"taxonomy":"product_brand","embeddable":true,"href":"https:\/\/labeldessens.com\/fr\/wp-json\/wp\/v2\/product_brand?post=467"},{"taxonomy":"product_cat","embeddable":true,"href":"https:\/\/labeldessens.com\/fr\/wp-json\/wp\/v2\/product_cat?post=467"},{"taxonomy":"product_tag","embeddable":true,"href":"https:\/\/labeldessens.com\/fr\/wp-json\/wp\/v2\/product_tag?post=467"}],"curies":[{"name":"wp","href":"https:\/\/api.w.org\/{rel}","templated":true}]}}