{"id":478,"date":"2019-10-08T15:55:23","date_gmt":"2019-10-08T15:55:23","guid":{"rendered":"https:\/\/labeldessens.com\/?post_type=product&#038;p=478"},"modified":"2026-03-04T18:08:33","modified_gmt":"2026-03-04T18:08:33","slug":"mydla-biale-pizmo","status":"publish","type":"product","link":"https:\/\/labeldessens.com\/fr\/produit\/mydla-biale-pizmo\/","title":{"rendered":"BERGAMOTE"},"content":{"rendered":"<div class=\"grid product-single product-single--medium-media\">\n<div class=\"grid__item medium-up--one-half\">\n<div class=\"product-single__description rte\">\n<p><span dir=\"auto\" style=\"vertical-align: inherit;\"><span dir=\"auto\" style=\"vertical-align: inherit;\">Ce savon naturel poss\u00e8de les propri\u00e9t\u00e9s suivantes\u00a0: <\/span><\/span><br \/>\n<span dir=\"auto\" style=\"vertical-align: inherit;\"><span dir=\"auto\" style=\"vertical-align: inherit;\">\u2013 contient 72\u00a0% d\u2019huiles v\u00e9g\u00e9tales, <\/span><\/span><br \/>\n<span dir=\"auto\" style=\"vertical-align: inherit;\"><span dir=\"auto\" style=\"vertical-align: inherit;\">\u2013 ne contient pas de graisses animales, <\/span><\/span><br \/>\n<span dir=\"auto\" style=\"vertical-align: inherit;\"><span dir=\"auto\" style=\"vertical-align: inherit;\">- ce savon solide est efficace, \u00e9conomique et \u00e9cologique. Il est biod\u00e9gradable. Non-test\u00e9 sur les animaux ; <\/span><\/span><br \/>\n<span dir=\"auto\" style=\"vertical-align: inherit;\"><span dir=\"auto\" style=\"vertical-align: inherit;\">\u2013 pH neutre pour la peau<\/span><\/span><\/p>\n<div id=\"shopify-section-product-template\" class=\"shopify-section\">\n<div id=\"ProductSection-product-template\" class=\"product-template__container page-width\" data-section-id=\"product-template\" data-section-type=\"product\" data-enable-history-state=\"true\" data-ajax-enabled=\"true\">\n<div class=\"grid product-single product-single--medium-media\">\n<div class=\"grid__item medium-up--one-half\">\n<p><span dir=\"auto\" style=\"vertical-align: inherit;\"><span dir=\"auto\" style=\"vertical-align: inherit;\">Ce savon est enrichi\u00a0 <\/span><\/span><strong><span dir=\"auto\" style=\"vertical-align: inherit;\"><span dir=\"auto\" style=\"vertical-align: inherit;\">en beurre de karit\u00e9<\/span><\/span><\/strong><span dir=\"auto\" style=\"vertical-align: inherit;\"><span dir=\"auto\" style=\"vertical-align: inherit;\"> , qui nourrit, revitalise et hydrate intens\u00e9ment la peau. C&#8217;est un ingr\u00e9dient cosm\u00e9tique pr\u00e9cieux pour ses propri\u00e9t\u00e9s adoucissantes, anti-inflammatoires et hydratantes.<\/span><\/span><\/p>\n<div><\/div>\n<\/div>\n<\/div>\n<\/div>\n<\/div>\n<\/div>\n<\/div>\n<\/div>\n<div class=\"grid product-single product-single--medium-media\">\n<div class=\"grid__item medium-up--one-half\">\n<div><\/div>\n<div class=\"product-single__description rte\"><span style=\"font-size: 75%;\"><span dir=\"auto\" style=\"vertical-align: inherit;\"><span dir=\"auto\" style=\"vertical-align: inherit;\">INCI : palmate de sodium, palmiste de sodium, aqua (eau), parfum (fragrance), acide de palmiste, chlorure de sodium, glyc\u00e9rine, beurre de karit\u00e9 (Butyrospermum parkii)*, EDTA t\u00e9trasodique, \u00e9tidronate t\u00e9trasodique, limon\u00e8ne, linalol, g\u00e9raniol, CI 77492<\/span><\/span><\/span><\/div>\n<\/div>\n<\/div>","protected":false},"excerpt":{"rendered":"<p>Ce savon naturel poss\u00e8de les propri\u00e9t\u00e9s suivantes\u00a0: \u2013 contient 72\u00a0% d\u2019huiles v\u00e9g\u00e9tales, \u2013 ne contient pas de graisses animales, \u2013 ce savon solide est efficace, \u00e9conomique et \u00e9cologique. Il est biod\u00e9gradable. NON TEST\u00c9 SUR LES ANIMAUX, \u2013 pH neutre pour la peau Ce savon est enrichi\u00a0 en beurre de karit\u00e9 , qui nourrit, revitalise et [&#8230;]\n","protected":false},"featured_media":9810,"comment_status":"open","ping_status":"closed","template":"","meta":{"om_disable_all_campaigns":false},"product_brand":[],"product_cat":[54],"product_tag":[],"class_list":{"0":"post-478","1":"product","2":"type-product","3":"status-publish","4":"has-post-thumbnail","6":"product_cat-mydlo-zapachowe-125g","8":"first","9":"instock","10":"purchasable","11":"product-type-simple"},"aioseo_notices":[],"_links":{"self":[{"href":"https:\/\/labeldessens.com\/fr\/wp-json\/wp\/v2\/product\/478","targetHints":{"allow":["GET"]}}],"collection":[{"href":"https:\/\/labeldessens.com\/fr\/wp-json\/wp\/v2\/product"}],"about":[{"href":"https:\/\/labeldessens.com\/fr\/wp-json\/wp\/v2\/types\/product"}],"replies":[{"embeddable":true,"href":"https:\/\/labeldessens.com\/fr\/wp-json\/wp\/v2\/comments?post=478"}],"wp:featuredmedia":[{"embeddable":true,"href":"https:\/\/labeldessens.com\/fr\/wp-json\/wp\/v2\/media\/9810"}],"wp:attachment":[{"href":"https:\/\/labeldessens.com\/fr\/wp-json\/wp\/v2\/media?parent=478"}],"wp:term":[{"taxonomy":"product_brand","embeddable":true,"href":"https:\/\/labeldessens.com\/fr\/wp-json\/wp\/v2\/product_brand?post=478"},{"taxonomy":"product_cat","embeddable":true,"href":"https:\/\/labeldessens.com\/fr\/wp-json\/wp\/v2\/product_cat?post=478"},{"taxonomy":"product_tag","embeddable":true,"href":"https:\/\/labeldessens.com\/fr\/wp-json\/wp\/v2\/product_tag?post=478"}],"curies":[{"name":"wp","href":"https:\/\/api.w.org\/{rel}","templated":true}]}}