{"id":8862,"date":"2021-02-19T20:09:57","date_gmt":"2021-02-19T20:09:57","guid":{"rendered":"https:\/\/labeldessens.com\/?post_type=product&#038;p=8862"},"modified":"2026-01-12T12:54:48","modified_gmt":"2026-01-12T12:54:48","slug":"duo-borowka","status":"publish","type":"product","link":"https:\/\/labeldessens.com\/fr\/produit\/duo-borowka\/","title":{"rendered":"Ylang Ylang"},"content":{"rendered":"<p>Envie d'un bain relaxant apr\u00e8s une longue et fatigante journ\u00e9e ? Une eau agr\u00e9ablement chaude ne suffit pas. Il existe un produit qui transformera un bain ordinaire en un luxueux rituel de beaut\u00e9. D\u00e9couvrez les boules de bain scintillantes et prenez-les d\u00e8s que vous en avez envie.<\/p>\n<p>45g<\/p>\n<p><strong>M\u00e9thode d'utilisation :<\/strong><\/p>\n<p>Faire tomber la boule dans un bain d'eau chaude. \u00c9vitez tout contact avec les yeux. En cas de contact avec les yeux, rincer imm\u00e9diatement \u00e0 l'eau ti\u00e8de. En usage externe.<\/p>\n<p>&nbsp;<\/p>\n<p><strong>INCI<\/strong>:\u00a0Sodium Bicarbonate, Citric Acid, Persea Gratissima Oil, Sodium Chloride, Parfum, Aqua, Lecithin, Ascorbyl Palmitate, Helianthus Annuus Seed Oil, Tocopherol, Benzyl Salicylate, Amyl Cinnamal, Isoeugenol, Linalool, Benzyl Benzoate, CI 19140, CI 42051.<br \/>\n<em>Sk\u0142adniki pochodzenia naturalnego: 97,96%<\/em><\/p>\n<p><strong data-start=\"81\" data-end=\"104\">\u015arodki ostro\u017cno\u015bci:<\/strong><br data-start=\"104\" data-end=\"107\" \/>Produkt nie jest przeznaczony do spo\u017cycia \u2013 nie po\u0142yka\u0107 \u2013 przechowywa\u0107 poza zasi\u0119giem ma\u0142ych dzieci.<\/p>","protected":false},"excerpt":{"rendered":"<h3 data-start=\"124\" data-end=\"195\"><strong data-start=\"128\" data-end=\"195\">Musuj\u0105ce kule do k\u0105pieli 45 g, dwukolorowe \u2013 zapach Ylang Ylang<\/strong><\/h3>\n<p data-start=\"197\" data-end=\"440\">Produkowane na terenie Unii Europejskiej z wykorzystaniem wysokiej jako\u015bci sk\u0142adnik\u00f3w, te musuj\u0105ce kule do k\u0105pieli o wadze 45 g s\u0105 wzbogacone olejem z awokado i olejem s\u0142onecznikowym oraz perfumowane olejkami eterycznymi o zapachu Ylang Ylang.<\/p>\n<p data-start=\"549\" data-end=\"667\">","protected":false},"featured_media":12895,"comment_status":"open","ping_status":"closed","template":"","meta":{"om_disable_all_campaigns":false},"product_brand":[],"product_cat":[139],"product_tag":[],"class_list":{"0":"post-8862","1":"product","2":"type-product","3":"status-publish","4":"has-post-thumbnail","6":"product_cat-kule-45g-kapiel","8":"first","9":"instock","10":"purchasable","11":"product-type-simple"},"aioseo_notices":[],"_links":{"self":[{"href":"https:\/\/labeldessens.com\/fr\/wp-json\/wp\/v2\/product\/8862","targetHints":{"allow":["GET"]}}],"collection":[{"href":"https:\/\/labeldessens.com\/fr\/wp-json\/wp\/v2\/product"}],"about":[{"href":"https:\/\/labeldessens.com\/fr\/wp-json\/wp\/v2\/types\/product"}],"replies":[{"embeddable":true,"href":"https:\/\/labeldessens.com\/fr\/wp-json\/wp\/v2\/comments?post=8862"}],"wp:featuredmedia":[{"embeddable":true,"href":"https:\/\/labeldessens.com\/fr\/wp-json\/wp\/v2\/media\/12895"}],"wp:attachment":[{"href":"https:\/\/labeldessens.com\/fr\/wp-json\/wp\/v2\/media?parent=8862"}],"wp:term":[{"taxonomy":"product_brand","embeddable":true,"href":"https:\/\/labeldessens.com\/fr\/wp-json\/wp\/v2\/product_brand?post=8862"},{"taxonomy":"product_cat","embeddable":true,"href":"https:\/\/labeldessens.com\/fr\/wp-json\/wp\/v2\/product_cat?post=8862"},{"taxonomy":"product_tag","embeddable":true,"href":"https:\/\/labeldessens.com\/fr\/wp-json\/wp\/v2\/product_tag?post=8862"}],"curies":[{"name":"wp","href":"https:\/\/api.w.org\/{rel}","templated":true}]}}