{"id":9140,"date":"2021-05-22T14:19:56","date_gmt":"2021-05-22T14:19:56","guid":{"rendered":"https:\/\/labeldessens.com\/?post_type=product&#038;p=9140"},"modified":"2023-02-22T12:42:02","modified_gmt":"2023-02-22T12:42:02","slug":"szampon-do-wlosow-matowych","status":"publish","type":"product","link":"https:\/\/labeldessens.com\/fr\/produit\/szampon-do-wlosow-matowych\/","title":{"rendered":"Shampooing pour cheveux ternes"},"content":{"rendered":"<p class=\"p1\"><span class=\"s1\">Ce shampooing pour cheveux ternes est compos\u00e9 de beurre et de poudre de cacao et d'huile de noix de coco pour restaurer la brillance et la douceur.<\/span><\/p>\n<p>Comment utiliser ce produit ?<br \/>\n- Frotter le shampooing dans les mains ou directement sur les cheveux mouill\u00e9s,<\/p>\n<p>- Masser le cuir chevelu et l'ensemble des cheveux jusqu'\u00e0 l'obtention d'une mousse parfum\u00e9e,<\/p>\n<p>- Rincer abondamment le produit \u00e0 l'eau.<\/p>\n<p>50g<\/p>\n<p>INCI : <em>Sodium Coco Sulphate, Cocos Nucifera (Coconut) Oil, Theobroma Cacao (Cocoa) Seed Butter, Lanolin, Parfum, Aqua, Theobroma Cacao (Cocoa) Powder.<\/em><\/p>","protected":false},"excerpt":{"rendered":"<p>Ten szampon do w\u0142os\u00f3w matowych wykonany jest z mas\u0142a i proszku kakaowego i oleju kokosowego, aby przywr\u00f3ci\u0107 po\u0142ysk i mi\u0119kko\u015b\u0107. Jak stosowa\u0107 ten produkt? \u2022 rozetrzyj szampon w d\u0142oniach albo bezpo\u015brednio na mokrych w\u0142osach, \u2022 masuj sk\u00f3r\u0119 g\u0142owy i ca\u0142e w\u0142osy do momentu wytworzenia si\u0119 pachn\u0105cej piany, \u2022 dok\u0142adnie sp\u0142ucz produkt wod\u0105. 50g INCI: Sodium [&#8230;]\n","protected":false},"featured_media":9142,"comment_status":"open","ping_status":"closed","template":"","meta":{"om_disable_all_campaigns":false},"product_brand":[],"product_cat":[82],"product_tag":[],"class_list":{"0":"post-9140","1":"product","2":"type-product","3":"status-publish","4":"has-post-thumbnail","6":"product_cat-szampony-w-kostce","8":"first","9":"instock","10":"purchasable","11":"product-type-simple"},"aioseo_notices":[],"_links":{"self":[{"href":"https:\/\/labeldessens.com\/fr\/wp-json\/wp\/v2\/product\/9140","targetHints":{"allow":["GET"]}}],"collection":[{"href":"https:\/\/labeldessens.com\/fr\/wp-json\/wp\/v2\/product"}],"about":[{"href":"https:\/\/labeldessens.com\/fr\/wp-json\/wp\/v2\/types\/product"}],"replies":[{"embeddable":true,"href":"https:\/\/labeldessens.com\/fr\/wp-json\/wp\/v2\/comments?post=9140"}],"wp:featuredmedia":[{"embeddable":true,"href":"https:\/\/labeldessens.com\/fr\/wp-json\/wp\/v2\/media\/9142"}],"wp:attachment":[{"href":"https:\/\/labeldessens.com\/fr\/wp-json\/wp\/v2\/media?parent=9140"}],"wp:term":[{"taxonomy":"product_brand","embeddable":true,"href":"https:\/\/labeldessens.com\/fr\/wp-json\/wp\/v2\/product_brand?post=9140"},{"taxonomy":"product_cat","embeddable":true,"href":"https:\/\/labeldessens.com\/fr\/wp-json\/wp\/v2\/product_cat?post=9140"},{"taxonomy":"product_tag","embeddable":true,"href":"https:\/\/labeldessens.com\/fr\/wp-json\/wp\/v2\/product_tag?post=9140"}],"curies":[{"name":"wp","href":"https:\/\/api.w.org\/{rel}","templated":true}]}}